{"id":64413,"date":"2024-12-06T16:10:23","date_gmt":"2024-12-06T22:10:23","guid":{"rendered":"https:\/\/rumbastage.wpengine.com\/?page_id=64413"},"modified":"2025-06-25T12:55:42","modified_gmt":"2025-06-25T17:55:42","slug":"sobras","status":"publish","type":"page","link":"https:\/\/rumbameats.com\/es\/sobras\/","title":{"rendered":"Sobras"},"content":{"rendered":"<section class=\"hero text-center\">\n        <div class=\"hero-image\">\n      <div class=\"figure object-fit\">\n                  <img loading=\"lazy\" decoding=\"async\" width=\"1440\" height=\"810\" src=\"https:\/\/rumbameats.com\/wp-content\/uploads\/2024\/12\/Header_Leftovers.jpg\" class=\"attachment-large size-large\" alt=\"leftover beef used to top a pizza\" srcset=\"https:\/\/rumbameats.com\/wp-content\/uploads\/2024\/12\/Header_Leftovers.jpg 1440w, https:\/\/rumbameats.com\/wp-content\/uploads\/2024\/12\/Header_Leftovers-768x432.jpg 768w\" sizes=\"auto, (max-width: 1440px) 100vw, 1440px\" \/>              <\/div>\n    <\/div>\n        <div class=\"blue-bg\">\n      <div class=\"container island--dubs\">\n        <h1 class=\"h4 white landmarkless\">R\u00e1pido y f\u00e1cil<\/h1>\n                  <p>\u00bfTienes sobras de comida y poco tiempo durante la semana? \u00a1D\u00e9janos ayudarte! Convierte tus sobras semanales en comidas frescas y deliciosas que todos disfrutar\u00e1n, ahorr\u00e1ndote tiempo y esfuerzo en la planificaci\u00f3n de tus comidas semanales.<\/p>\n              <\/div>\n    <\/div>\n  <\/section>\n\n\n<section class=\"related-recipes wave-bg \">\n  <div class=\"container landmark\">\n    <div class=\"gw align--end justify--between\">\n      <div class=\"g three-quarters\">\n        <h2 class=\"h2 landmarkless\">Recetas de lengua de res<\/h2>\n      <\/div>\n      <div class=\"g shrink\">\n                  <a class=\"view-all\" href=\"\/es\/recipes\/all\/\">Ver todas<\/a>\n              <\/div>\n    <\/div>\n  <\/div>\n        <div class=\"container container--no-mobile-padding\">\n      <ul class=\"slick-carousel-recipes\">\n                  <li>\n            <a class=\"card card--recipe\" href=\"https:\/\/rumbameats.com\/es\/recipe\/birria\/\">\n  <div class=\"img--square landmarklet\">\n    <div class=\"figure object-fit\">\n      <img loading=\"lazy\" decoding=\"async\" width=\"680\" height=\"510\" src=\"https:\/\/rumbameats.com\/wp-content\/uploads\/2022\/05\/birria.jpg\" class=\"attachment-medium size-medium\" alt=\"Birria\" sizes=\"auto, (max-width: 768px) 100vw, (max-width: 1440px) 50vw, 768px\" \/>    <\/div>\n  <\/div>\n  <div class=\"card-details\">\n    <h3 class=\"h3\">Birria<\/h3>\n          <div class=\"time\">8+ HRS<\/div>\n      <\/div>\n<\/a>\n          <\/li>\n                  <li>\n            <a class=\"card card--recipe\" href=\"https:\/\/rumbameats.com\/es\/recipe\/pizza-de-barbacoa\/\">\n  <div class=\"img--square landmarklet\">\n    <div class=\"figure object-fit\">\n      <img loading=\"lazy\" decoding=\"async\" width=\"680\" height=\"544\" src=\"https:\/\/rumbameats.com\/wp-content\/uploads\/2024\/11\/Barbacoa-pizza-website.jpg\" class=\"attachment-medium size-medium\" alt=\"Barbacoa pizza\" sizes=\"auto, (max-width: 768px) 100vw, (max-width: 1440px) 50vw, 768px\" \/>    <\/div>\n  <\/div>\n  <div class=\"card-details\">\n    <h3 class=\"h3\">Pizza de Barbacoa<\/h3>\n          <div class=\"time\">18 minutos<\/div>\n      <\/div>\n<\/a>\n          <\/li>\n                  <li>\n            <a class=\"card card--recipe\" href=\"https:\/\/rumbameats.com\/es\/recipe\/birriaquiles-chilaquiles-de-birria-de-res\/\">\n  <div class=\"img--square landmarklet\">\n    <div class=\"figure object-fit\">\n      <img loading=\"lazy\" decoding=\"async\" width=\"680\" height=\"544\" src=\"https:\/\/rumbameats.com\/wp-content\/uploads\/2024\/11\/Birriquiles-website-alt.jpg\" class=\"attachment-medium size-medium\" alt=\"Birriquiles\" sizes=\"auto, (max-width: 768px) 100vw, (max-width: 1440px) 50vw, 768px\" \/>    <\/div>\n  <\/div>\n  <div class=\"card-details\">\n    <h3 class=\"h3\">Birriaquiles (Chilaquiles de Birria de Res)<\/h3>\n          <div class=\"time\">5 minutos<\/div>\n      <\/div>\n<\/a>\n          <\/li>\n                  <li>\n            <a class=\"card card--recipe\" href=\"https:\/\/rumbameats.com\/es\/recipe\/tacos-ahogados\/\">\n  <div class=\"img--square landmarklet\">\n    <div class=\"figure object-fit\">\n      <img loading=\"lazy\" decoding=\"async\" width=\"680\" height=\"544\" src=\"https:\/\/rumbameats.com\/wp-content\/uploads\/2024\/11\/Tacos-Ahogados-website.jpg\" class=\"attachment-medium size-medium\" alt=\"Tacos Ahogados\" sizes=\"auto, (max-width: 768px) 100vw, (max-width: 1440px) 50vw, 768px\" \/>    <\/div>\n  <\/div>\n  <div class=\"card-details\">\n    <h3 class=\"h3\">Tacos Ahogados<\/h3>\n          <div class=\"time\">35 minutos<\/div>\n      <\/div>\n<\/a>\n          <\/li>\n                  <li>\n            <a class=\"card card--recipe\" href=\"https:\/\/rumbameats.com\/es\/recipe\/enchiladas-rojas-preparacion-en-olla-a-presion\/\">\n  <div class=\"img--square landmarklet\">\n    <div class=\"figure object-fit\">\n      <img loading=\"lazy\" decoding=\"async\" width=\"680\" height=\"544\" src=\"https:\/\/rumbameats.com\/wp-content\/uploads\/2024\/11\/Enchiladas-Rojas-website.jpg\" class=\"attachment-medium size-medium\" alt=\"Enchiladas Rojas\" sizes=\"auto, (max-width: 768px) 100vw, (max-width: 1440px) 50vw, 768px\" \/>    <\/div>\n  <\/div>\n  <div class=\"card-details\">\n    <h3 class=\"h3\">Enchiladas Rojas (Preparaci\u00f3n en Olla a Presi\u00f3n)<\/h3>\n          <div class=\"time\">1 hora 25 minutos<\/div>\n      <\/div>\n<\/a>\n          <\/li>\n              <\/ul>\n    <\/div>\n  <\/section>\n\n\n<section class=\"video container container--no-padding\">\n  <div class=\"responsive-embed\">\n                        <div class=\"figure object-fit\">\n          <img loading=\"lazy\" decoding=\"async\" width=\"1440\" height=\"810\" src=\"https:\/\/rumbameats.com\/wp-content\/uploads\/2024\/12\/MiddlePage_Leftovers.jpg\" class=\"attachment-large size-large\" alt=\"leftover beef in a glass container\" srcset=\"https:\/\/rumbameats.com\/wp-content\/uploads\/2024\/12\/MiddlePage_Leftovers.jpg 1440w, https:\/\/rumbameats.com\/wp-content\/uploads\/2024\/12\/MiddlePage_Leftovers-768x432.jpg 768w\" sizes=\"auto, (max-width: 1440px) 100vw, 1440px\" \/>        <\/div>\n            <\/div>\n<\/section>\n\n\n<section class=\"related-recipes wave-bg \">\n  <div class=\"container landmark\">\n    <div class=\"gw align--end justify--between\">\n      <div class=\"g three-quarters\">\n        <h2 class=\"h2 landmarkless\">Recetas de cachete de res<\/h2>\n      <\/div>\n      <div class=\"g shrink\">\n                  <a class=\"view-all\" href=\"\/es\/recipes\/all\/\">Ver todas<\/a>\n              <\/div>\n    <\/div>\n  <\/div>\n        <div class=\"container container--no-mobile-padding\">\n      <ul class=\"slick-carousel-recipes\">\n                  <li>\n            <a class=\"card card--recipe\" href=\"https:\/\/rumbameats.com\/es\/recipe\/barbacoa-de-cachete-de-res\/\">\n  <div class=\"img--square landmarklet\">\n    <div class=\"figure object-fit\">\n      <img loading=\"lazy\" decoding=\"async\" width=\"300\" height=\"225\" src=\"https:\/\/rumbameats.com\/wp-content\/uploads\/2020\/10\/52162_Rumba_AURecipeShoot_BeefCheekBarbacoa_LR-1_680x510_acf_cropped_680x510_acf_cropped_680x510_acf_cropped_680x510_acf_cropped-300x225.jpg\" class=\"attachment-medium size-medium\" alt=\"Barbacoa de Cachete de Res Prepared\" srcset=\"https:\/\/rumbameats.com\/wp-content\/uploads\/2020\/10\/52162_Rumba_AURecipeShoot_BeefCheekBarbacoa_LR-1_680x510_acf_cropped_680x510_acf_cropped_680x510_acf_cropped_680x510_acf_cropped-300x225.jpg 300w, https:\/\/rumbameats.com\/wp-content\/uploads\/2020\/10\/52162_Rumba_AURecipeShoot_BeefCheekBarbacoa_LR-1_680x510_acf_cropped_680x510_acf_cropped_680x510_acf_cropped_680x510_acf_cropped.jpg 680w\" sizes=\"auto, (max-width: 768px) 100vw, (max-width: 1440px) 50vw, 768px\" \/>    <\/div>\n  <\/div>\n  <div class=\"card-details\">\n    <h3 class=\"h3\">Barbacoa de cachete de res<\/h3>\n          <div class=\"time\">3+ HRS<\/div>\n      <\/div>\n<\/a>\n          <\/li>\n                  <li>\n            <a class=\"card card--recipe\" href=\"https:\/\/rumbameats.com\/es\/recipe\/barbacoa-tostadas\/\">\n  <div class=\"img--square landmarklet\">\n    <div class=\"figure object-fit\">\n      <img loading=\"lazy\" decoding=\"async\" width=\"680\" height=\"510\" src=\"https:\/\/rumbameats.com\/wp-content\/uploads\/2022\/05\/barbacoa-tostadas-thumbnail2.jpg\" class=\"attachment-medium size-medium\" alt=\"Barbacoa Tostadas\" sizes=\"auto, (max-width: 768px) 100vw, (max-width: 1440px) 50vw, 768px\" \/>    <\/div>\n  <\/div>\n  <div class=\"card-details\">\n    <h3 class=\"h3\">Barbacoa Tostadas<\/h3>\n          <div class=\"time\">50 MIN<\/div>\n      <\/div>\n<\/a>\n          <\/li>\n                  <li>\n            <a class=\"card card--recipe\" href=\"https:\/\/rumbameats.com\/es\/recipe\/tamales-de-res-y-barbacoa\/\">\n  <div class=\"img--square landmarklet\">\n    <div class=\"figure object-fit\">\n      <img loading=\"lazy\" decoding=\"async\" width=\"680\" height=\"510\" src=\"https:\/\/rumbameats.com\/wp-content\/uploads\/2022\/05\/Barbacoa-tamales-thumbnail.jpg\" class=\"attachment-medium size-medium\" alt=\"Barbacoa Tamales\" sizes=\"auto, (max-width: 768px) 100vw, (max-width: 1440px) 50vw, 768px\" \/>    <\/div>\n  <\/div>\n  <div class=\"card-details\">\n    <h3 class=\"h3\">Tamales de Res y barbacoa<\/h3>\n          <div class=\"time\">4 HRS<\/div>\n      <\/div>\n<\/a>\n          <\/li>\n              <\/ul>\n    <\/div>\n  <\/section>\n\n\n<section class=\"centered-cta container container--inset island--dubs text-center\">\n      <h2 class=\"h2 landmarklet\">\u00bfNecesitas m\u00e1s inspiraci\u00f3n?<\/h2>\n    <div class=\"landmark\"><p>Consulta nuestra creciente lista de deliciosas comidas semanales y recetas f\u00e1ciles de preparar.<\/p>\n<\/div>\n      <a class=\"btn\" href=\"https:\/\/rumbameats.com\/es\/recipes\/\"\n          >DESCUBRE M\u00c1S<\/a>\n  <\/section>\n\n\n<section class=\"half-half container container--no-padding island--dubs island--no-mobile-padding\">\n    <div class=\"yellow-bg\">\n    <div class=\"gw gw--full align--center \">\n      <div class=\"g lap-one-half\">\n        <div class=\"img--rect\">\n          <div class=\"figure object-fit\">\n                        <img loading=\"lazy\" decoding=\"async\" width=\"768\" height=\"576\" src=\"https:\/\/rumbameats.com\/wp-content\/uploads\/2023\/07\/03-Home_Page_EmailSignUp_Module_Half-768x576-1_Spanish.jpg\" class=\"attachment-medium size-medium\" alt=\"recetas, curons, ideas de comida\" sizes=\"auto, (max-width: 768px) 100vw, (max-width: 1440px) 50vw, 768px\" \/>          <\/div>\n        <\/div>\n      <\/div>\n      <div class=\"g lap-one-half\">\n        <div class=\"container container--inset island text-center\">\n          <h2 class=\"h2 landmarklet \">\u00a1Consigue $3 de descuento en tu  pr\u00f3xima compra!<\/h2>\n          <div class=\"landmark\"><p>Recibe ofertas exclusivas, recetas y mucho m\u00e1s de RumbaMeats directamente a tu bandeja de entrada.<\/p>\n<\/div>\n                      <a class=\"btn btn--rev\" href=\"https:\/\/rumbameats.com\/es\/email-signup\/\"\n                          >\u00danete<\/a>\n                  <\/div>\n      <\/div>\n    <\/div>\n  <\/div>\n<\/section>\n\n\n<section class=\"featured-products red-bg\">\n        <div class=\"container island--dubs text-center\">\n      <ul class=\"gw\">\n                            <li class=\"g lap-one-third landmark\">\n            <a class=\"card card--product\" href=\"https:\/\/rumbameats.com\/es\/product\/cachete-de-res\/\">\n              <div class=\"img--square landmarklet\">\n                <div class=\"figure object-fit\">\n                  <img loading=\"lazy\" decoding=\"async\" width=\"300\" height=\"225\" src=\"https:\/\/rumbameats.com\/wp-content\/uploads\/2019\/09\/43898_Rumba_Website_ProductThumbnail_680x510_0019_Beef_Raw_Cheekmeat-300x225.jpg\" class=\"attachment-medium size-medium\" alt=\"Rumba Raw Cheek Meat\" srcset=\"https:\/\/rumbameats.com\/wp-content\/uploads\/2019\/09\/43898_Rumba_Website_ProductThumbnail_680x510_0019_Beef_Raw_Cheekmeat-300x225.jpg 300w, https:\/\/rumbameats.com\/wp-content\/uploads\/2019\/09\/43898_Rumba_Website_ProductThumbnail_680x510_0019_Beef_Raw_Cheekmeat.jpg 680w\" sizes=\"auto, (max-width: 768px) 100vw, (max-width: 1440px) 50vw, 768px\" \/>                <\/div>\n              <\/div>\n              <h3 class=\"h3\">Cachete de res<\/h3>\n            <\/a>\n          <\/li>\n                            <li class=\"g lap-one-third landmark\">\n            <a class=\"card card--product\" href=\"https:\/\/rumbameats.com\/es\/product\/lengua-de-res\/\">\n              <div class=\"img--square landmarklet\">\n                <div class=\"figure object-fit\">\n                  <img loading=\"lazy\" decoding=\"async\" width=\"680\" height=\"510\" src=\"https:\/\/rumbameats.com\/wp-content\/uploads\/2017\/08\/B3A3588_1-1.jpg\" class=\"attachment-medium size-medium\" alt=\"beef tongue in pot\" sizes=\"auto, (max-width: 768px) 100vw, (max-width: 1440px) 50vw, 768px\" \/>                <\/div>\n              <\/div>\n              <h3 class=\"h3\">Lengua de res<\/h3>\n            <\/a>\n          <\/li>\n              <\/ul>\n              <a class=\"btn btn--rev\" href=\"\/es\/products\/\"\n                  >Todos los productos<\/a>\n          <\/div>\n  <\/section>\n\n\n<section class=\"product-search-box container container--no-mobile-padding island--dubs island--no-mobile-padding\">\n  <div class=\"box orange-bg container container--no-mobile-padding island\">\n    <div class=\"box orange-bg container island text-center\">\n      <div class=\"gw align--center\">\n        <div class=\"g lap-one-half\">\n                      <h2 class=\"h2 white landmarklet\">Encuentra Tus Favoritos<\/h2>\n                    <p>Consigue los cortes de carne que m\u00e1s te gustan en una tienda cerca de ti.<\/p>\n        <\/div>\n        <div class=\"g lap-one-half\">\n          <div class=\"gform_wrapper\">\n\n            <div class=\"widget wpsl-search-widget\">\n<form class=\"map-search gform_fields\" action=\"https:\/\/rumbameats.com\/where-to-buy\/\" method=\"post\" id=\"wpsl-widget-form\">\n                <label class=\"visuallyhidden\" for=\"wpsl-widget-search\">Tu c\u00f3digo postal<\/label>\n        <input id=\"wpsl-widget-search\" name=\"wpsl-widget-search\" type=\"text\" class=\"form-control search-query\" maxlength=\"10\" placeholder=\"Tu c\u00f3digo postal\" data-lang=\"es\" required \/>\n        <span class=\"dashicons dashicons-warning\"><\/span>\n                <button id=\"wpsl-widget-submit\" type=\"submit\" class=\"gform_button\">Buscar<\/button>\n    <\/form>\n<\/div>            \n          <\/div>\n        <\/div>\n      <\/div>\n    <\/div>\n  <\/div>\n<\/section>\n","protected":false},"excerpt":{"rendered":"","protected":false},"author":22,"featured_media":0,"parent":0,"menu_order":0,"comment_status":"closed","ping_status":"closed","template":"","meta":{"_acf_changed":true,"footnotes":""},"class_list":["post-64413","page","type-page","status-publish","hentry"],"acf":[],"yoast_head":"<!-- This site is optimized with the Yoast SEO plugin v27.4 - https:\/\/yoast.com\/product\/yoast-seo-wordpress\/ -->\n<title>Sobras - Rumba Meats\u00ae<\/title>\n<meta name=\"robots\" content=\"index, follow, max-snippet:-1, max-image-preview:large, max-video-preview:-1\" \/>\n<link rel=\"canonical\" href=\"https:\/\/rumbameats.com\/es\/sobras\/\" \/>\n<meta property=\"og:locale\" content=\"es_ES\" \/>\n<meta property=\"og:type\" content=\"article\" \/>\n<meta property=\"og:title\" content=\"Sobras - Rumba Meats\u00ae\" \/>\n<meta property=\"og:url\" content=\"https:\/\/rumbameats.com\/es\/sobras\/\" \/>\n<meta property=\"og:site_name\" content=\"Rumba Meats\u00ae\" \/>\n<meta property=\"article:publisher\" content=\"https:\/\/www.facebook.com\/RumbaMeats\/\" \/>\n<meta property=\"article:modified_time\" content=\"2025-06-25T17:55:42+00:00\" \/>\n<meta property=\"og:image\" content=\"https:\/\/rumbameats.com\/wp-content\/uploads\/2021\/07\/rumba-logo-1.png\" \/>\n\t<meta property=\"og:image:width\" content=\"600\" \/>\n\t<meta property=\"og:image:height\" content=\"167\" \/>\n\t<meta property=\"og:image:type\" content=\"image\/png\" \/>\n<meta name=\"twitter:card\" content=\"summary_large_image\" \/>\n<meta name=\"twitter:label1\" content=\"Est. reading time\" \/>\n\t<meta name=\"twitter:data1\" content=\"2 minutes\" \/>\n<script type=\"application\/ld+json\" class=\"yoast-schema-graph\">{\"@context\":\"https:\\\/\\\/schema.org\",\"@graph\":[{\"@type\":\"WebPage\",\"@id\":\"https:\\\/\\\/rumbameats.com\\\/es\\\/sobras\\\/\",\"url\":\"https:\\\/\\\/rumbameats.com\\\/es\\\/sobras\\\/\",\"name\":\"Sobras - Rumba Meats\u00ae\",\"isPartOf\":{\"@id\":\"https:\\\/\\\/rumbameats.com\\\/es\\\/#website\"},\"datePublished\":\"2024-12-06T22:10:23+00:00\",\"dateModified\":\"2025-06-25T17:55:42+00:00\",\"breadcrumb\":{\"@id\":\"https:\\\/\\\/rumbameats.com\\\/es\\\/sobras\\\/#breadcrumb\"},\"inLanguage\":\"es-US\",\"potentialAction\":[{\"@type\":\"ReadAction\",\"target\":[\"https:\\\/\\\/rumbameats.com\\\/es\\\/sobras\\\/\"]}]},{\"@type\":\"BreadcrumbList\",\"@id\":\"https:\\\/\\\/rumbameats.com\\\/es\\\/sobras\\\/#breadcrumb\",\"itemListElement\":[{\"@type\":\"ListItem\",\"position\":1,\"name\":\"Home\",\"item\":\"https:\\\/\\\/rumbameats.com\\\/es\\\/\"},{\"@type\":\"ListItem\",\"position\":2,\"name\":\"Sobras\"}]},{\"@type\":\"WebSite\",\"@id\":\"https:\\\/\\\/rumbameats.com\\\/es\\\/#website\",\"url\":\"https:\\\/\\\/rumbameats.com\\\/es\\\/\",\"name\":\"Rumba Meats\u00ae\",\"description\":\"Live. Laugh. Eat.\",\"publisher\":{\"@id\":\"https:\\\/\\\/rumbameats.com\\\/es\\\/#organization\"},\"potentialAction\":[{\"@type\":\"SearchAction\",\"target\":{\"@type\":\"EntryPoint\",\"urlTemplate\":\"https:\\\/\\\/rumbameats.com\\\/es\\\/?s={search_term_string}\"},\"query-input\":{\"@type\":\"PropertyValueSpecification\",\"valueRequired\":true,\"valueName\":\"search_term_string\"}}],\"inLanguage\":\"es-US\"},{\"@type\":\"Organization\",\"@id\":\"https:\\\/\\\/rumbameats.com\\\/es\\\/#organization\",\"name\":\"Rumba Meats\",\"url\":\"https:\\\/\\\/rumbameats.com\\\/es\\\/\",\"logo\":{\"@type\":\"ImageObject\",\"inLanguage\":\"es-US\",\"@id\":\"https:\\\/\\\/rumbameats.com\\\/es\\\/#\\\/schema\\\/logo\\\/image\\\/\",\"url\":\"https:\\\/\\\/rumbameats.com\\\/wp-content\\\/uploads\\\/2021\\\/07\\\/rumba-logo-1.png\",\"contentUrl\":\"https:\\\/\\\/rumbameats.com\\\/wp-content\\\/uploads\\\/2021\\\/07\\\/rumba-logo-1.png\",\"width\":600,\"height\":167,\"caption\":\"Rumba Meats\"},\"image\":{\"@id\":\"https:\\\/\\\/rumbameats.com\\\/es\\\/#\\\/schema\\\/logo\\\/image\\\/\"},\"sameAs\":[\"https:\\\/\\\/www.facebook.com\\\/RumbaMeats\\\/\",\"https:\\\/\\\/www.instagram.com\\\/rumbameats\\\/\",\"https:\\\/\\\/www.youtube.com\\\/c\\\/RumbaMeats\"]}]}<\/script>\n<!-- \/ Yoast SEO plugin. -->","yoast_head_json":{"title":"Sobras - Rumba Meats\u00ae","robots":{"index":"index","follow":"follow","max-snippet":"max-snippet:-1","max-image-preview":"max-image-preview:large","max-video-preview":"max-video-preview:-1"},"canonical":"https:\/\/rumbameats.com\/es\/sobras\/","og_locale":"es_ES","og_type":"article","og_title":"Sobras - Rumba Meats\u00ae","og_url":"https:\/\/rumbameats.com\/es\/sobras\/","og_site_name":"Rumba Meats\u00ae","article_publisher":"https:\/\/www.facebook.com\/RumbaMeats\/","article_modified_time":"2025-06-25T17:55:42+00:00","og_image":[{"width":600,"height":167,"url":"https:\/\/rumbameats.com\/wp-content\/uploads\/2021\/07\/rumba-logo-1.png","type":"image\/png"}],"twitter_card":"summary_large_image","twitter_misc":{"Est. reading time":"2 minutes"},"schema":{"@context":"https:\/\/schema.org","@graph":[{"@type":"WebPage","@id":"https:\/\/rumbameats.com\/es\/sobras\/","url":"https:\/\/rumbameats.com\/es\/sobras\/","name":"Sobras - Rumba Meats\u00ae","isPartOf":{"@id":"https:\/\/rumbameats.com\/es\/#website"},"datePublished":"2024-12-06T22:10:23+00:00","dateModified":"2025-06-25T17:55:42+00:00","breadcrumb":{"@id":"https:\/\/rumbameats.com\/es\/sobras\/#breadcrumb"},"inLanguage":"es-US","potentialAction":[{"@type":"ReadAction","target":["https:\/\/rumbameats.com\/es\/sobras\/"]}]},{"@type":"BreadcrumbList","@id":"https:\/\/rumbameats.com\/es\/sobras\/#breadcrumb","itemListElement":[{"@type":"ListItem","position":1,"name":"Home","item":"https:\/\/rumbameats.com\/es\/"},{"@type":"ListItem","position":2,"name":"Sobras"}]},{"@type":"WebSite","@id":"https:\/\/rumbameats.com\/es\/#website","url":"https:\/\/rumbameats.com\/es\/","name":"Rumba Meats\u00ae","description":"Live. Laugh. Eat.","publisher":{"@id":"https:\/\/rumbameats.com\/es\/#organization"},"potentialAction":[{"@type":"SearchAction","target":{"@type":"EntryPoint","urlTemplate":"https:\/\/rumbameats.com\/es\/?s={search_term_string}"},"query-input":{"@type":"PropertyValueSpecification","valueRequired":true,"valueName":"search_term_string"}}],"inLanguage":"es-US"},{"@type":"Organization","@id":"https:\/\/rumbameats.com\/es\/#organization","name":"Rumba Meats","url":"https:\/\/rumbameats.com\/es\/","logo":{"@type":"ImageObject","inLanguage":"es-US","@id":"https:\/\/rumbameats.com\/es\/#\/schema\/logo\/image\/","url":"https:\/\/rumbameats.com\/wp-content\/uploads\/2021\/07\/rumba-logo-1.png","contentUrl":"https:\/\/rumbameats.com\/wp-content\/uploads\/2021\/07\/rumba-logo-1.png","width":600,"height":167,"caption":"Rumba Meats"},"image":{"@id":"https:\/\/rumbameats.com\/es\/#\/schema\/logo\/image\/"},"sameAs":["https:\/\/www.facebook.com\/RumbaMeats\/","https:\/\/www.instagram.com\/rumbameats\/","https:\/\/www.youtube.com\/c\/RumbaMeats"]}]}},"_links":{"self":[{"href":"https:\/\/rumbameats.com\/es\/wp-json\/wp\/v2\/pages\/64413","targetHints":{"allow":["GET"]}}],"collection":[{"href":"https:\/\/rumbameats.com\/es\/wp-json\/wp\/v2\/pages"}],"about":[{"href":"https:\/\/rumbameats.com\/es\/wp-json\/wp\/v2\/types\/page"}],"author":[{"embeddable":true,"href":"https:\/\/rumbameats.com\/es\/wp-json\/wp\/v2\/users\/22"}],"replies":[{"embeddable":true,"href":"https:\/\/rumbameats.com\/es\/wp-json\/wp\/v2\/comments?post=64413"}],"version-history":[{"count":0,"href":"https:\/\/rumbameats.com\/es\/wp-json\/wp\/v2\/pages\/64413\/revisions"}],"wp:attachment":[{"href":"https:\/\/rumbameats.com\/es\/wp-json\/wp\/v2\/media?parent=64413"}],"curies":[{"name":"wp","href":"https:\/\/api.w.org\/{rel}","templated":true}]}}