{"id":63584,"date":"2024-10-09T14:38:36","date_gmt":"2024-10-09T19:38:36","guid":{"rendered":"https:\/\/rumbastage.wpengine.com\/?page_id=63584"},"modified":"2025-06-25T12:49:29","modified_gmt":"2025-06-25T17:49:29","slug":"sabor-latino","status":"publish","type":"page","link":"https:\/\/rumbameats.com\/es\/sabor-latino\/","title":{"rendered":"Sabor Latino"},"content":{"rendered":"<section class=\"hero text-center\">\n        <div class=\"hero-image\">\n      <div class=\"figure object-fit\">\n                  <img loading=\"lazy\" decoding=\"async\" width=\"1440\" height=\"480\" src=\"https:\/\/rumbameats.com\/wp-content\/uploads\/2023\/05\/01-RecipeLander_Page_HeaderImage_1440x480.jpg\" class=\"attachment-large size-large\" alt=\"bowl of tripe soup\" srcset=\"https:\/\/rumbameats.com\/wp-content\/uploads\/2023\/05\/01-RecipeLander_Page_HeaderImage_1440x480.jpg 1440w, https:\/\/rumbameats.com\/wp-content\/uploads\/2023\/05\/01-RecipeLander_Page_HeaderImage_1440x480-768x256.jpg 768w\" sizes=\"auto, (max-width: 1440px) 100vw, 1440px\" \/>              <\/div>\n    <\/div>\n        <div class=\"blue-bg\">\n      <div class=\"container island--dubs\">\n        <h1 class=\"h4 white landmarkless\">Aut\u00e9ntico. Sabroso. Tradicional.<\/h1>\n                  <p>La comida en Latinoam\u00e9rica suele variar mucho seg\u00fan la cultura y la tradici\u00f3n. Desde el intenso sabor de las especias mexicanas hasta el c\u00e1lido gusto de los guisos caseros del Caribe, Rumba Meats te ayuda a llevar a tu mesa todo el sabor de la aut\u00e9ntica cocina latina.<\/p>\n              <\/div>\n    <\/div>\n  <\/section>\n\n\n<section class=\"related-recipes wave-bg \">\n  <div class=\"container landmark\">\n    <div class=\"gw align--end justify--between\">\n      <div class=\"g three-quarters\">\n        <h2 class=\"h2 landmarkless\">Recetas destacadas<\/h2>\n      <\/div>\n      <div class=\"g shrink\">\n                  <a class=\"view-all\" href=\"\/es\/recipes\/all\/\">Ver todas<\/a>\n              <\/div>\n    <\/div>\n  <\/div>\n        <div class=\"container container--no-mobile-padding\">\n      <ul class=\"slick-carousel-recipes\">\n                  <li>\n            <a class=\"card card--recipe\" href=\"https:\/\/rumbameats.com\/es\/recipe\/tacos-de-guisado\/\">\n  <div class=\"img--square landmarklet\">\n    <div class=\"figure object-fit\">\n      <img loading=\"lazy\" decoding=\"async\" width=\"680\" height=\"544\" src=\"https:\/\/rumbameats.com\/wp-content\/uploads\/2023\/05\/Tacos-De-Guisado.jpg\" class=\"attachment-medium size-medium\" alt=\"Tacos de Guisado\" sizes=\"auto, (max-width: 768px) 100vw, (max-width: 1440px) 50vw, 768px\" \/>    <\/div>\n  <\/div>\n  <div class=\"card-details\">\n    <h3 class=\"h3\">Tacos De Guisado<\/h3>\n          <div class=\"time\">2 hrs 20 mins <\/div>\n      <\/div>\n<\/a>\n          <\/li>\n                  <li>\n            <a class=\"card card--recipe\" href=\"https:\/\/rumbameats.com\/es\/recipe\/tripa-al-curry-caribeno\/\">\n  <div class=\"img--square landmarklet\">\n    <div class=\"figure object-fit\">\n      <img loading=\"lazy\" decoding=\"async\" width=\"768\" height=\"768\" src=\"https:\/\/rumbameats.com\/wp-content\/uploads\/2024\/06\/CaribbeanCurryTripe.jpg\" class=\"attachment-medium size-medium\" alt=\"Caribbean Curry Tripe\" srcset=\"https:\/\/rumbameats.com\/wp-content\/uploads\/2024\/06\/CaribbeanCurryTripe.jpg 768w, https:\/\/rumbameats.com\/wp-content\/uploads\/2024\/06\/CaribbeanCurryTripe-150x150.jpg 150w\" sizes=\"auto, (max-width: 768px) 100vw, (max-width: 1440px) 50vw, 768px\" \/>    <\/div>\n  <\/div>\n  <div class=\"card-details\">\n    <h3 class=\"h3\">Tripa al curry caribe\u00f1o<\/h3>\n          <div class=\"time\">2 hrs 30 mins<\/div>\n      <\/div>\n<\/a>\n          <\/li>\n                  <li>\n            <a class=\"card card--recipe\" href=\"https:\/\/rumbameats.com\/es\/recipe\/gorditas-de-lengua\/\">\n  <div class=\"img--square landmarklet\">\n    <div class=\"figure object-fit\">\n      <img loading=\"lazy\" decoding=\"async\" width=\"768\" height=\"768\" src=\"https:\/\/rumbameats.com\/wp-content\/uploads\/2024\/06\/GorditasDeLengua.jpg\" class=\"attachment-medium size-medium\" alt=\"Gorditas DeLengua\" srcset=\"https:\/\/rumbameats.com\/wp-content\/uploads\/2024\/06\/GorditasDeLengua.jpg 768w, https:\/\/rumbameats.com\/wp-content\/uploads\/2024\/06\/GorditasDeLengua-150x150.jpg 150w\" sizes=\"auto, (max-width: 768px) 100vw, (max-width: 1440px) 50vw, 768px\" \/>    <\/div>\n  <\/div>\n  <div class=\"card-details\">\n    <h3 class=\"h3\">Gorditas de lengua<\/h3>\n          <div class=\"time\">3 hrs 30 mins<\/div>\n      <\/div>\n<\/a>\n          <\/li>\n                  <li>\n            <a class=\"card card--recipe\" href=\"https:\/\/rumbameats.com\/es\/recipe\/chinchulines-argentinos\/\">\n  <div class=\"img--square landmarklet\">\n    <div class=\"figure object-fit\">\n      <img loading=\"lazy\" decoding=\"async\" width=\"768\" height=\"768\" src=\"https:\/\/rumbameats.com\/wp-content\/uploads\/2024\/06\/ArgentinianChinchulines.jpg\" class=\"attachment-medium size-medium\" alt=\"Argentinian Chinchulines\" srcset=\"https:\/\/rumbameats.com\/wp-content\/uploads\/2024\/06\/ArgentinianChinchulines.jpg 768w, https:\/\/rumbameats.com\/wp-content\/uploads\/2024\/06\/ArgentinianChinchulines-150x150.jpg 150w\" sizes=\"auto, (max-width: 768px) 100vw, (max-width: 1440px) 50vw, 768px\" \/>    <\/div>\n  <\/div>\n  <div class=\"card-details\">\n    <h3 class=\"h3\">Chinchulines argentinos<\/h3>\n          <div class=\"time\">45 min<\/div>\n      <\/div>\n<\/a>\n          <\/li>\n                  <li>\n            <a class=\"card card--recipe\" href=\"https:\/\/rumbameats.com\/es\/recipe\/guiso-ecuatoriano-de-pancita\/\">\n  <div class=\"img--square landmarklet\">\n    <div class=\"figure object-fit\">\n      <img loading=\"lazy\" decoding=\"async\" width=\"680\" height=\"544\" src=\"https:\/\/rumbameats.com\/wp-content\/uploads\/2023\/05\/Ecuadorian-Tripe-Stew.jpg\" class=\"attachment-medium size-medium\" alt=\"Exuadorian Tripe\" sizes=\"auto, (max-width: 768px) 100vw, (max-width: 1440px) 50vw, 768px\" \/>    <\/div>\n  <\/div>\n  <div class=\"card-details\">\n    <h3 class=\"h3\">Guiso Ecuatoriano de Pancita<\/h3>\n          <div class=\"time\">2 hrs 25 mins<\/div>\n      <\/div>\n<\/a>\n          <\/li>\n                  <li>\n            <a class=\"card card--recipe\" href=\"https:\/\/rumbameats.com\/es\/recipe\/sopa-de-res-con-fideos\/\">\n  <div class=\"img--square landmarklet\">\n    <div class=\"figure object-fit\">\n      <img loading=\"lazy\" decoding=\"async\" width=\"680\" height=\"544\" src=\"https:\/\/rumbameats.com\/wp-content\/uploads\/2023\/05\/Sopa-De-Res-Con-Fideos.jpg\" class=\"attachment-medium size-medium\" alt=\"sopa de res con fideos\" sizes=\"auto, (max-width: 768px) 100vw, (max-width: 1440px) 50vw, 768px\" \/>    <\/div>\n  <\/div>\n  <div class=\"card-details\">\n    <h3 class=\"h3\">Sopa De Res Con Fideos<\/h3>\n          <div class=\"time\">2 hrs 45 mins<\/div>\n      <\/div>\n<\/a>\n          <\/li>\n                  <li>\n            <a class=\"card card--recipe\" href=\"https:\/\/rumbameats.com\/es\/recipe\/saltado-de-higado-peruano\/\">\n  <div class=\"img--square landmarklet\">\n    <div class=\"figure object-fit\">\n      <img loading=\"lazy\" decoding=\"async\" width=\"680\" height=\"544\" src=\"https:\/\/rumbameats.com\/wp-content\/uploads\/2023\/05\/Peruvian-Saltado-De-Higado.jpg\" class=\"attachment-medium size-medium\" alt=\"Peruvian saltado de higado\" sizes=\"auto, (max-width: 768px) 100vw, (max-width: 1440px) 50vw, 768px\" \/>    <\/div>\n  <\/div>\n  <div class=\"card-details\">\n    <h3 class=\"h3\">Saltado de H\u00edgado Peruano<\/h3>\n          <div class=\"time\">10 mins<\/div>\n      <\/div>\n<\/a>\n          <\/li>\n                  <li>\n            <a class=\"card card--recipe\" href=\"https:\/\/rumbameats.com\/es\/recipe\/patacon-maracucho\/\">\n  <div class=\"img--square landmarklet\">\n    <div class=\"figure object-fit\">\n      <img loading=\"lazy\" decoding=\"async\" width=\"680\" height=\"544\" src=\"https:\/\/rumbameats.com\/wp-content\/uploads\/2023\/05\/Venezuelan-Plantain-Sandwich.jpg\" class=\"attachment-medium size-medium\" alt=\"venezuelan plantain sandwich\" sizes=\"auto, (max-width: 768px) 100vw, (max-width: 1440px) 50vw, 768px\" \/>    <\/div>\n  <\/div>\n  <div class=\"card-details\">\n    <h3 class=\"h3\">Patac\u00f3n Maracucho<\/h3>\n          <div class=\"time\">8 1\/2 hrs<\/div>\n      <\/div>\n<\/a>\n          <\/li>\n                  <li>\n            <a class=\"card card--recipe\" href=\"https:\/\/rumbameats.com\/es\/recipe\/tostones-rellenos\/\">\n  <div class=\"img--square landmarklet\">\n    <div class=\"figure object-fit\">\n      <img loading=\"lazy\" decoding=\"async\" width=\"680\" height=\"544\" src=\"https:\/\/rumbameats.com\/wp-content\/uploads\/2023\/05\/Tostones-Rellenos.jpg\" class=\"attachment-medium size-medium\" alt=\"tostones rellenos\" sizes=\"auto, (max-width: 768px) 100vw, (max-width: 1440px) 50vw, 768px\" \/>    <\/div>\n  <\/div>\n  <div class=\"card-details\">\n    <h3 class=\"h3\">Tostones Rellenos<\/h3>\n          <div class=\"time\">3 hrs<\/div>\n      <\/div>\n<\/a>\n          <\/li>\n              <\/ul>\n    <\/div>\n  <\/section>\n\n\n<section class=\"video container container--no-padding\">\n  <div class=\"responsive-embed\">\n                        <div class=\"figure object-fit\">\n          <img loading=\"lazy\" decoding=\"async\" width=\"1212\" height=\"682\" src=\"https:\/\/rumbameats.com\/wp-content\/uploads\/2023\/07\/07-LaFamilia_Page_FromOurFamilyTable_Module_VideoPlaceholder_1212.jpg\" class=\"attachment-large size-large\" alt=\"plated tacos on serving platter\" srcset=\"https:\/\/rumbameats.com\/wp-content\/uploads\/2023\/07\/07-LaFamilia_Page_FromOurFamilyTable_Module_VideoPlaceholder_1212.jpg 1212w, https:\/\/rumbameats.com\/wp-content\/uploads\/2023\/07\/07-LaFamilia_Page_FromOurFamilyTable_Module_VideoPlaceholder_1212-768x432.jpg 768w\" sizes=\"auto, (max-width: 1212px) 100vw, 1212px\" \/>        <\/div>\n            <\/div>\n<\/section>\n\n\n<section class=\"centered-cta container container--inset island--dubs text-center\">\n      <h2 class=\"h2 landmarklet\">Expertos en Sabor Latino<\/h2>\n    <div class=\"landmark\"><p>Descubre una gran variedad de platillos latinoamericanos y sudamericanos en nuestra p\u00e1gina de recetas, y encuentra m\u00e1s consejos y formas de preparar tus productos Rumba Meats favoritos.<\/p>\n<\/div>\n      <a class=\"btn\" href=\"https:\/\/rumbameats.com\/es\/recipes\/\"\n          >DESCUBRE M\u00c1S<\/a>\n  <\/section>\n\n\n<section class=\"half-half container container--no-padding island--dubs island--no-mobile-padding\">\n    <div class=\"yellow-bg\">\n    <div class=\"gw gw--full align--center \">\n      <div class=\"g lap-one-half\">\n        <div class=\"img--rect\">\n          <div class=\"figure object-fit\">\n                        <img loading=\"lazy\" decoding=\"async\" width=\"768\" height=\"576\" src=\"https:\/\/rumbameats.com\/wp-content\/uploads\/2023\/07\/03-Home_Page_EmailSignUp_Module_Half-768x576-1_Spanish.jpg\" class=\"attachment-medium size-medium\" alt=\"recetas, curons, ideas de comida\" sizes=\"auto, (max-width: 768px) 100vw, (max-width: 1440px) 50vw, 768px\" \/>          <\/div>\n        <\/div>\n      <\/div>\n      <div class=\"g lap-one-half\">\n        <div class=\"container container--inset island text-center\">\n          <h2 class=\"h2 landmarklet \">\u00a1Consigue $3 de descuento en tu  pr\u00f3xima compra!<\/h2>\n          <div class=\"landmark\"><p>Recibe ofertas exclusivas, recetas y mucho m\u00e1s de RumbaMeats directamente a tu bandeja de entrada.<\/p>\n<\/div>\n                      <a class=\"btn btn--rev\" href=\"https:\/\/rumbameats.com\/es\/email-signup\/\"\n                          >\u00danete<\/a>\n                  <\/div>\n      <\/div>\n    <\/div>\n  <\/div>\n<\/section>\n\n\n<section class=\"featured-products red-bg\">\n        <div class=\"container island--dubs text-center\">\n      <ul class=\"gw\">\n                            <li class=\"g lap-one-third landmark\">\n            <a class=\"card card--product\" href=\"https:\/\/rumbameats.com\/es\/product\/panza-escaldada\/\">\n              <div class=\"img--square landmarklet\">\n                <div class=\"figure object-fit\">\n                  <img loading=\"lazy\" decoding=\"async\" width=\"300\" height=\"225\" src=\"https:\/\/rumbameats.com\/wp-content\/uploads\/2017\/08\/43898_Rumba_Website_ProductThumbnail_680x510_0007_Beef_Raw_Scalded-Tripe-300x225.jpg\" class=\"attachment-medium size-medium\" alt=\"Rumba Meats Beef Scalded Tripe\" srcset=\"https:\/\/rumbameats.com\/wp-content\/uploads\/2017\/08\/43898_Rumba_Website_ProductThumbnail_680x510_0007_Beef_Raw_Scalded-Tripe-300x225.jpg 300w, https:\/\/rumbameats.com\/wp-content\/uploads\/2017\/08\/43898_Rumba_Website_ProductThumbnail_680x510_0007_Beef_Raw_Scalded-Tripe.jpg 680w\" sizes=\"auto, (max-width: 768px) 100vw, (max-width: 1440px) 50vw, 768px\" \/>                <\/div>\n              <\/div>\n              <h3 class=\"h3\">Panza escaldada<\/h3>\n            <\/a>\n          <\/li>\n                            <li class=\"g lap-one-third landmark\">\n            <a class=\"card card--product\" href=\"https:\/\/rumbameats.com\/es\/product\/rabo-de-novillo\/\">\n              <div class=\"img--square landmarklet\">\n                <div class=\"figure object-fit\">\n                  <img loading=\"lazy\" decoding=\"async\" width=\"300\" height=\"225\" src=\"https:\/\/rumbameats.com\/wp-content\/uploads\/2017\/08\/43898_Rumba_Website_ProductThumbnail_680x510_0008_Beef_Raw_Oxtails-300x225.jpg\" class=\"attachment-medium size-medium\" alt=\"Rumba Meats Beef Oxtail Raw on Cutting Board\" srcset=\"https:\/\/rumbameats.com\/wp-content\/uploads\/2017\/08\/43898_Rumba_Website_ProductThumbnail_680x510_0008_Beef_Raw_Oxtails-300x225.jpg 300w, https:\/\/rumbameats.com\/wp-content\/uploads\/2017\/08\/43898_Rumba_Website_ProductThumbnail_680x510_0008_Beef_Raw_Oxtails.jpg 680w\" sizes=\"auto, (max-width: 768px) 100vw, (max-width: 1440px) 50vw, 768px\" \/>                <\/div>\n              <\/div>\n              <h3 class=\"h3\">Rabo de novillo<\/h3>\n            <\/a>\n          <\/li>\n                            <li class=\"g lap-one-third landmark\">\n            <a class=\"card card--product\" href=\"https:\/\/rumbameats.com\/es\/product\/cachete-de-res\/\">\n              <div class=\"img--square landmarklet\">\n                <div class=\"figure object-fit\">\n                  <img loading=\"lazy\" decoding=\"async\" width=\"300\" height=\"225\" src=\"https:\/\/rumbameats.com\/wp-content\/uploads\/2019\/09\/43898_Rumba_Website_ProductThumbnail_680x510_0019_Beef_Raw_Cheekmeat-300x225.jpg\" class=\"attachment-medium size-medium\" alt=\"Rumba Raw Cheek Meat\" srcset=\"https:\/\/rumbameats.com\/wp-content\/uploads\/2019\/09\/43898_Rumba_Website_ProductThumbnail_680x510_0019_Beef_Raw_Cheekmeat-300x225.jpg 300w, https:\/\/rumbameats.com\/wp-content\/uploads\/2019\/09\/43898_Rumba_Website_ProductThumbnail_680x510_0019_Beef_Raw_Cheekmeat.jpg 680w\" sizes=\"auto, (max-width: 768px) 100vw, (max-width: 1440px) 50vw, 768px\" \/>                <\/div>\n              <\/div>\n              <h3 class=\"h3\">Cachete de res<\/h3>\n            <\/a>\n          <\/li>\n              <\/ul>\n              <a class=\"btn btn--rev\" href=\"\/es\/products\/\"\n                  >Todos los productos<\/a>\n          <\/div>\n  <\/section>\n\n\n<section class=\"product-search-box container container--no-mobile-padding island--dubs island--no-mobile-padding\">\n  <div class=\"box orange-bg container container--no-mobile-padding island\">\n    <div class=\"box orange-bg container island text-center\">\n      <div class=\"gw align--center\">\n        <div class=\"g lap-one-half\">\n                      <h2 class=\"h2 white landmarklet\">Encuentra Tus Favoritos<\/h2>\n                    <p>Consigue los cortes de carne que m\u00e1s te gustan en una tienda cerca de ti.<\/p>\n        <\/div>\n        <div class=\"g lap-one-half\">\n          <div class=\"gform_wrapper\">\n\n            <div class=\"widget wpsl-search-widget\">\n<form class=\"map-search gform_fields\" action=\"https:\/\/rumbameats.com\/where-to-buy\/\" method=\"post\" id=\"wpsl-widget-form\">\n                <label class=\"visuallyhidden\" for=\"wpsl-widget-search\">Tu c\u00f3digo postal<\/label>\n        <input id=\"wpsl-widget-search\" name=\"wpsl-widget-search\" type=\"text\" class=\"form-control search-query\" maxlength=\"10\" placeholder=\"Tu c\u00f3digo postal\" data-lang=\"es\" required \/>\n        <span class=\"dashicons dashicons-warning\"><\/span>\n                <button id=\"wpsl-widget-submit\" type=\"submit\" class=\"gform_button\">Buscar<\/button>\n    <\/form>\n<\/div>            \n          <\/div>\n        <\/div>\n      <\/div>\n    <\/div>\n  <\/div>\n<\/section>\n","protected":false},"excerpt":{"rendered":"","protected":false},"author":22,"featured_media":0,"parent":0,"menu_order":0,"comment_status":"closed","ping_status":"closed","template":"","meta":{"_acf_changed":true,"footnotes":""},"class_list":["post-63584","page","type-page","status-publish","hentry"],"acf":[],"yoast_head":"<!-- This site is optimized with the Yoast SEO plugin v27.4 - https:\/\/yoast.com\/product\/yoast-seo-wordpress\/ -->\n<title>Sabor Latino - Rumba Meats\u00ae<\/title>\n<meta name=\"robots\" content=\"index, follow, max-snippet:-1, max-image-preview:large, max-video-preview:-1\" \/>\n<link rel=\"canonical\" href=\"https:\/\/rumbameats.com\/es\/sabor-latino\/\" \/>\n<meta property=\"og:locale\" content=\"es_ES\" \/>\n<meta property=\"og:type\" content=\"article\" \/>\n<meta property=\"og:title\" content=\"Sabor Latino - Rumba Meats\u00ae\" \/>\n<meta property=\"og:url\" content=\"https:\/\/rumbameats.com\/es\/sabor-latino\/\" \/>\n<meta property=\"og:site_name\" content=\"Rumba Meats\u00ae\" \/>\n<meta property=\"article:publisher\" content=\"https:\/\/www.facebook.com\/RumbaMeats\/\" \/>\n<meta property=\"article:modified_time\" content=\"2025-06-25T17:49:29+00:00\" \/>\n<meta property=\"og:image\" content=\"https:\/\/rumbameats.com\/wp-content\/uploads\/2021\/07\/rumba-logo-1.png\" \/>\n\t<meta property=\"og:image:width\" content=\"600\" \/>\n\t<meta property=\"og:image:height\" content=\"167\" \/>\n\t<meta property=\"og:image:type\" content=\"image\/png\" \/>\n<meta name=\"twitter:card\" content=\"summary_large_image\" \/>\n<meta name=\"twitter:label1\" content=\"Est. reading time\" \/>\n\t<meta name=\"twitter:data1\" content=\"2 minutes\" \/>\n<script type=\"application\/ld+json\" class=\"yoast-schema-graph\">{\"@context\":\"https:\\\/\\\/schema.org\",\"@graph\":[{\"@type\":\"WebPage\",\"@id\":\"https:\\\/\\\/rumbameats.com\\\/es\\\/sabor-latino\\\/\",\"url\":\"https:\\\/\\\/rumbameats.com\\\/es\\\/sabor-latino\\\/\",\"name\":\"Sabor Latino - Rumba Meats\u00ae\",\"isPartOf\":{\"@id\":\"https:\\\/\\\/rumbameats.com\\\/es\\\/#website\"},\"datePublished\":\"2024-10-09T19:38:36+00:00\",\"dateModified\":\"2025-06-25T17:49:29+00:00\",\"breadcrumb\":{\"@id\":\"https:\\\/\\\/rumbameats.com\\\/es\\\/sabor-latino\\\/#breadcrumb\"},\"inLanguage\":\"es-US\",\"potentialAction\":[{\"@type\":\"ReadAction\",\"target\":[\"https:\\\/\\\/rumbameats.com\\\/es\\\/sabor-latino\\\/\"]}]},{\"@type\":\"BreadcrumbList\",\"@id\":\"https:\\\/\\\/rumbameats.com\\\/es\\\/sabor-latino\\\/#breadcrumb\",\"itemListElement\":[{\"@type\":\"ListItem\",\"position\":1,\"name\":\"Home\",\"item\":\"https:\\\/\\\/rumbameats.com\\\/es\\\/\"},{\"@type\":\"ListItem\",\"position\":2,\"name\":\"Sabor Latino\"}]},{\"@type\":\"WebSite\",\"@id\":\"https:\\\/\\\/rumbameats.com\\\/es\\\/#website\",\"url\":\"https:\\\/\\\/rumbameats.com\\\/es\\\/\",\"name\":\"Rumba Meats\u00ae\",\"description\":\"Live. Laugh. Eat.\",\"publisher\":{\"@id\":\"https:\\\/\\\/rumbameats.com\\\/es\\\/#organization\"},\"potentialAction\":[{\"@type\":\"SearchAction\",\"target\":{\"@type\":\"EntryPoint\",\"urlTemplate\":\"https:\\\/\\\/rumbameats.com\\\/es\\\/?s={search_term_string}\"},\"query-input\":{\"@type\":\"PropertyValueSpecification\",\"valueRequired\":true,\"valueName\":\"search_term_string\"}}],\"inLanguage\":\"es-US\"},{\"@type\":\"Organization\",\"@id\":\"https:\\\/\\\/rumbameats.com\\\/es\\\/#organization\",\"name\":\"Rumba Meats\",\"url\":\"https:\\\/\\\/rumbameats.com\\\/es\\\/\",\"logo\":{\"@type\":\"ImageObject\",\"inLanguage\":\"es-US\",\"@id\":\"https:\\\/\\\/rumbameats.com\\\/es\\\/#\\\/schema\\\/logo\\\/image\\\/\",\"url\":\"https:\\\/\\\/rumbameats.com\\\/wp-content\\\/uploads\\\/2021\\\/07\\\/rumba-logo-1.png\",\"contentUrl\":\"https:\\\/\\\/rumbameats.com\\\/wp-content\\\/uploads\\\/2021\\\/07\\\/rumba-logo-1.png\",\"width\":600,\"height\":167,\"caption\":\"Rumba Meats\"},\"image\":{\"@id\":\"https:\\\/\\\/rumbameats.com\\\/es\\\/#\\\/schema\\\/logo\\\/image\\\/\"},\"sameAs\":[\"https:\\\/\\\/www.facebook.com\\\/RumbaMeats\\\/\",\"https:\\\/\\\/www.instagram.com\\\/rumbameats\\\/\",\"https:\\\/\\\/www.youtube.com\\\/c\\\/RumbaMeats\"]}]}<\/script>\n<!-- \/ Yoast SEO plugin. -->","yoast_head_json":{"title":"Sabor Latino - Rumba Meats\u00ae","robots":{"index":"index","follow":"follow","max-snippet":"max-snippet:-1","max-image-preview":"max-image-preview:large","max-video-preview":"max-video-preview:-1"},"canonical":"https:\/\/rumbameats.com\/es\/sabor-latino\/","og_locale":"es_ES","og_type":"article","og_title":"Sabor Latino - Rumba Meats\u00ae","og_url":"https:\/\/rumbameats.com\/es\/sabor-latino\/","og_site_name":"Rumba Meats\u00ae","article_publisher":"https:\/\/www.facebook.com\/RumbaMeats\/","article_modified_time":"2025-06-25T17:49:29+00:00","og_image":[{"width":600,"height":167,"url":"https:\/\/rumbameats.com\/wp-content\/uploads\/2021\/07\/rumba-logo-1.png","type":"image\/png"}],"twitter_card":"summary_large_image","twitter_misc":{"Est. reading time":"2 minutes"},"schema":{"@context":"https:\/\/schema.org","@graph":[{"@type":"WebPage","@id":"https:\/\/rumbameats.com\/es\/sabor-latino\/","url":"https:\/\/rumbameats.com\/es\/sabor-latino\/","name":"Sabor Latino - Rumba Meats\u00ae","isPartOf":{"@id":"https:\/\/rumbameats.com\/es\/#website"},"datePublished":"2024-10-09T19:38:36+00:00","dateModified":"2025-06-25T17:49:29+00:00","breadcrumb":{"@id":"https:\/\/rumbameats.com\/es\/sabor-latino\/#breadcrumb"},"inLanguage":"es-US","potentialAction":[{"@type":"ReadAction","target":["https:\/\/rumbameats.com\/es\/sabor-latino\/"]}]},{"@type":"BreadcrumbList","@id":"https:\/\/rumbameats.com\/es\/sabor-latino\/#breadcrumb","itemListElement":[{"@type":"ListItem","position":1,"name":"Home","item":"https:\/\/rumbameats.com\/es\/"},{"@type":"ListItem","position":2,"name":"Sabor Latino"}]},{"@type":"WebSite","@id":"https:\/\/rumbameats.com\/es\/#website","url":"https:\/\/rumbameats.com\/es\/","name":"Rumba Meats\u00ae","description":"Live. Laugh. Eat.","publisher":{"@id":"https:\/\/rumbameats.com\/es\/#organization"},"potentialAction":[{"@type":"SearchAction","target":{"@type":"EntryPoint","urlTemplate":"https:\/\/rumbameats.com\/es\/?s={search_term_string}"},"query-input":{"@type":"PropertyValueSpecification","valueRequired":true,"valueName":"search_term_string"}}],"inLanguage":"es-US"},{"@type":"Organization","@id":"https:\/\/rumbameats.com\/es\/#organization","name":"Rumba Meats","url":"https:\/\/rumbameats.com\/es\/","logo":{"@type":"ImageObject","inLanguage":"es-US","@id":"https:\/\/rumbameats.com\/es\/#\/schema\/logo\/image\/","url":"https:\/\/rumbameats.com\/wp-content\/uploads\/2021\/07\/rumba-logo-1.png","contentUrl":"https:\/\/rumbameats.com\/wp-content\/uploads\/2021\/07\/rumba-logo-1.png","width":600,"height":167,"caption":"Rumba Meats"},"image":{"@id":"https:\/\/rumbameats.com\/es\/#\/schema\/logo\/image\/"},"sameAs":["https:\/\/www.facebook.com\/RumbaMeats\/","https:\/\/www.instagram.com\/rumbameats\/","https:\/\/www.youtube.com\/c\/RumbaMeats"]}]}},"_links":{"self":[{"href":"https:\/\/rumbameats.com\/es\/wp-json\/wp\/v2\/pages\/63584","targetHints":{"allow":["GET"]}}],"collection":[{"href":"https:\/\/rumbameats.com\/es\/wp-json\/wp\/v2\/pages"}],"about":[{"href":"https:\/\/rumbameats.com\/es\/wp-json\/wp\/v2\/types\/page"}],"author":[{"embeddable":true,"href":"https:\/\/rumbameats.com\/es\/wp-json\/wp\/v2\/users\/22"}],"replies":[{"embeddable":true,"href":"https:\/\/rumbameats.com\/es\/wp-json\/wp\/v2\/comments?post=63584"}],"version-history":[{"count":0,"href":"https:\/\/rumbameats.com\/es\/wp-json\/wp\/v2\/pages\/63584\/revisions"}],"wp:attachment":[{"href":"https:\/\/rumbameats.com\/es\/wp-json\/wp\/v2\/media?parent=63584"}],"curies":[{"name":"wp","href":"https:\/\/api.w.org\/{rel}","templated":true}]}}