{"id":56277,"date":"2023-03-30T14:43:34","date_gmt":"2023-03-30T19:43:34","guid":{"rendered":"https:\/\/rumbastage.wpengine.com\/?page_id=56277"},"modified":"2025-11-26T14:20:32","modified_gmt":"2025-11-26T20:20:32","slug":"email-signup","status":"publish","type":"page","link":"https:\/\/rumbameats.com\/es\/email-signup\/","title":{"rendered":"Email Signup"},"content":{"rendered":"<section class=\"half-half-hero text-center light-green-bg\">\n  <div class=\"gw gw--full\">\n    <div class=\"g lap-four-tenths\">\n              <div class=\"gw centered\">\n          <div class=\"g\">\n            <div class=\"container island--dubs\">\n              <h1 class=\"h2 landmarklet \">\u00danete a la Familia<\/h1>\n                              <p class=\"large\">Suscr\u00edbete a nuestros correos y recibe gratis nuestro libro de cocina, adem\u00e1s de cupones, recetas e ideas cada mes directo en tu correo.<\/p>\n                          <\/div>\n          <\/div>\n        <\/div>\n          <\/div>\n    <div class=\"g lap-six-tenths\">\n              <div class=\"img--wide\">\n          <div class=\"figure object-fit\">\n            <img loading=\"lazy\" decoding=\"async\" width=\"960\" height=\"662\" src=\"https:\/\/rumbameats.com\/wp-content\/uploads\/2025\/11\/Join-the-Familia-hero.jpg\" class=\"attachment-large size-large\" alt=\"\" srcset=\"https:\/\/rumbameats.com\/wp-content\/uploads\/2025\/11\/Join-the-Familia-hero.jpg 960w, https:\/\/rumbameats.com\/wp-content\/uploads\/2025\/11\/Join-the-Familia-hero-768x530.jpg 768w\" sizes=\"auto, (max-width: 960px) 100vw, 960px\" \/>          <\/div>\n        <\/div>\n          <\/div>\n  <\/div>\n<\/section>\n\n\n\n<section class=\"form island--dubs\">\n  <div class=\"container container--inset\">\n    <div class=\"js-form-wrapper\">\n      <form class=\"js-crm-form\" method=\"post\" action=\"https:\/\/cargill.tfaforms.net\/api_v2\/workflow\/processor\" id=\"4742286\">\n        <div class=\"gw\">\n          <div class=\"g lap-one-half\">\n            <div class=\"form-group\">\n              <label id=\"tfa_1-L\" for=\"tfa_1\">\n                                  Nombre\n                                 <span class=\"required\">*<\/span><\/label>\n              <input type=\"text\" id=\"tfa_1\" name=\"tfa_1\" value=\"\" title=\"First Name\" class=\"form-control\" oninvalid=\"this.setCustomValidity('Por favor, rellene este campo.')\" oninput=\"this.setCustomValidity('')\" required>\n            <\/div>\n          <\/div>\n          <div class=\"g lap-one-half\">\n            <div class=\"form-group\">\n              <label id=\"tfa_2-L\" for=\"tfa_2\">\n                                  Apellido\n                                 <span class=\"required\">*<\/span><\/label>\n              <input type=\"text\" id=\"tfa_2\" name=\"tfa_2\" value=\"\" title=\"Last Name\" class=\"form-control\" oninvalid=\"this.setCustomValidity('Por favor, rellene este campo.')\" oninput=\"this.setCustomValidity('')\" required>\n            <\/div>\n          <\/div>\n          <div class=\"g\">\n            <div class=\"form-group\">\n              <label id=\"tfa_6-L\" for=\"tfa_6\">\n                                  Correo Electr\u00f3nico\n                                 <span class=\"required\">*<\/span><\/label>\n              <input type=\"text\" id=\"tfa_6\" name=\"tfa_6\" value=\"\" title=\"Email\" class=\"form-control\" pattern=\"[^@]+@[^@]+\\.[a-zA-Z]{2,6}\" oninvalid=\"this.setCustomValidity('El correo electr\u00f3nico debe tener el formato correcto.')\" oninput=\"this.setCustomValidity('')\" required>\n            <\/div>\n          <\/div>\n          <div class=\"g lap-one-half\">\n            <div class=\"form-group\">\n              <label id=\"tfa_65-L\" for=\"tfa_65\">\n                                  Pa\u00eds\n                                 <span class=\"required\">*<\/span><\/label>\n              <select id=\"tfa_65\" name=\"tfa_65\" data-filter-dependent=\"#tfa_7\" title=\"Country\" class=\"form-control\" oninvalid=\"this.setCustomValidity('Por favor, seleccione un art\u00edculo en la lista.')\" oninput=\"this.setCustomValidity('')\" required>\n                <option value=\"\">\n                                      Por favor, selecciona\n                                  <\/option>\n                <option value=\"tfa_306\" id=\"tfa_3006\">Canada<\/option>\n                <option value=\"tfa_307\" id=\"tfa_3007\" selected>United States<\/option>\n              <\/select>\n            <\/div>\n          <\/div>\n          <div class=\"g lap-one-half\">\n            <div class=\"form-group\">\n              <label id=\"tfa_5-L\" for=\"tfa_5\">\n                                  Ciudad\n                                 <span class=\"required\">*<\/span><\/label>\n              <input type=\"text\" id=\"tfa_5\" name=\"tfa_5\" value=\"\" title=\"City\" class=\"form-control\" oninvalid=\"this.setCustomValidity('Por favor, rellene este campo.')\" oninput=\"this.setCustomValidity('')\" required>\n            <\/div>\n          <\/div>\n          <div class=\"g lap-one-half\">\n            <div class=\"form-group\">\n              <label id=\"tfa_7-L\" for=\"tfa_7\">\n                                  Estado\/Provincia\n                                 <span class=\"required\">*<\/span><\/label>\n              <select id=\"tfa_7\" name=\"tfa_7\" data-filter-control=\"#tfa_65\" title=\"State\/Province\" class=\"form-control\" oninvalid=\"this.setCustomValidity('Por favor, seleccione un art\u00edculo en la lista.')\" oninput=\"this.setCustomValidity('')\" required>\n                <option value=\"\">\n                                      Por favor, selecciona\n                                  <\/option>\n                <optgroup id=\"tfa_307\" label=\"United States\" class=\"choiceGroup\">\n                  <option value=\"tfa_8\" id=\"tfa_8\">Alabama<\/option>\n                  <option value=\"tfa_9\" id=\"tfa_9\">Alaska<\/option>\n                  <option value=\"tfa_10\" id=\"tfa_10\">Arizona<\/option>\n                  <option value=\"tfa_11\" id=\"tfa_11\">Arkansas<\/option>\n                  <option value=\"tfa_12\" id=\"tfa_12\">California<\/option>\n                  <option value=\"tfa_13\" id=\"tfa_13\">Colorado<\/option>\n                  <option value=\"tfa_14\" id=\"tfa_14\">Connecticut<\/option>\n                  <option value=\"tfa_15\" id=\"tfa_15\">Delaware<\/option>\n                  <option value=\"tfa_16\" id=\"tfa_16\">District Of Columbia<\/option>\n                  <option value=\"tfa_17\" id=\"tfa_17\">Florida<\/option>\n                  <option value=\"tfa_18\" id=\"tfa_18\">Georgia<\/option>\n                  <option value=\"tfa_19\" id=\"tfa_19\">Hawaii<\/option>\n                  <option value=\"tfa_20\" id=\"tfa_20\">Idaho<\/option>\n                  <option value=\"tfa_21\" id=\"tfa_21\">Illinois<\/option>\n                  <option value=\"tfa_22\" id=\"tfa_22\">Indiana<\/option>\n                  <option value=\"tfa_23\" id=\"tfa_23\">Iowa<\/option>\n                  <option value=\"tfa_24\" id=\"tfa_24\">Kansas<\/option>\n                  <option value=\"tfa_25\" id=\"tfa_25\">Kentucky<\/option>\n                  <option value=\"tfa_26\" id=\"tfa_26\">Louisiana<\/option>\n                  <option value=\"tfa_27\" id=\"tfa_27\">Maine<\/option>\n                  <option value=\"tfa_28\" id=\"tfa_28\">Maryland<\/option>\n                  <option value=\"tfa_29\" id=\"tfa_29\">Massachusetts<\/option>\n                  <option value=\"tfa_30\" id=\"tfa_30\">Michigan<\/option>\n                  <option value=\"tfa_31\" id=\"tfa_31\">Minnesota<\/option>\n                  <option value=\"tfa_32\" id=\"tfa_32\">Mississippi<\/option>\n                  <option value=\"tfa_33\" id=\"tfa_33\">Missouri<\/option>\n                  <option value=\"tfa_34\" id=\"tfa_34\">Montana<\/option>\n                  <option value=\"tfa_35\" id=\"tfa_35\">Nebraska<\/option>\n                  <option value=\"tfa_36\" id=\"tfa_36\">Nevada<\/option>\n                  <option value=\"tfa_37\" id=\"tfa_37\">New Hampshire<\/option>\n                  <option value=\"tfa_38\" id=\"tfa_38\">New Jersey<\/option>\n                  <option value=\"tfa_39\" id=\"tfa_39\">New Mexico<\/option>\n                  <option value=\"tfa_40\" id=\"tfa_40\">New York<\/option>\n                  <option value=\"tfa_41\" id=\"tfa_41\">North Carolina<\/option>\n                  <option value=\"tfa_42\" id=\"tfa_42\">North Dakota<\/option>\n                  <option value=\"tfa_43\" id=\"tfa_43\">Ohio<\/option>\n                  <option value=\"tfa_44\" id=\"tfa_44\">Oklahoma<\/option>\n                  <option value=\"tfa_45\" id=\"tfa_45\">Oregon<\/option>\n                  <option value=\"tfa_46\" id=\"tfa_46\">Pennsylvania<\/option>\n                  <option value=\"tfa_47\" id=\"tfa_47\">Rhode Island<\/option>\n                  <option value=\"tfa_48\" id=\"tfa_48\">South Carolina<\/option>\n                  <option value=\"tfa_49\" id=\"tfa_49\">South Dakota<\/option>\n                  <option value=\"tfa_50\" id=\"tfa_50\">Tennessee<\/option>\n                  <option value=\"tfa_51\" id=\"tfa_51\">Texas<\/option>\n                  <option value=\"tfa_52\" id=\"tfa_52\">Utah<\/option>\n                  <option value=\"tfa_53\" id=\"tfa_53\">Vermont<\/option>\n                  <option value=\"tfa_54\" id=\"tfa_54\">Virginia<\/option>\n                  <option value=\"tfa_55\" id=\"tfa_55\">Washington<\/option>\n                  <option value=\"tfa_56\" id=\"tfa_56\">West Virginia<\/option>\n                  <option value=\"tfa_57\" id=\"tfa_57\">Wisconsin<\/option>\n                  <option value=\"tfa_58\" id=\"tfa_58\">Wyoming<\/option>\n                <\/optgroup>\n                <optgroup id=\"tfa_306\" label=\"Canada\" class=\"choiceGroup\">\n                  <option value=\"tfa_308\" id=\"tfa_308\">Alberta<\/option>\n                  <option value=\"tfa_309\" id=\"tfa_309\">British Columbia<\/option>\n                  <option value=\"tfa_310\" id=\"tfa_310\">Manitoba<\/option>\n                  <option value=\"tfa_311\" id=\"tfa_311\">New Brunswick<\/option>\n                  <option value=\"tfa_312\" id=\"tfa_312\">Newfoundland and Labrador<\/option>\n                  <option value=\"tfa_313\" id=\"tfa_313\">Northwest Territories<\/option>\n                  <option value=\"tfa_314\" id=\"tfa_314\">Nova Scotia<\/option>\n                  <option value=\"tfa_315\" id=\"tfa_315\">Nunavut<\/option>\n                  <option value=\"tfa_316\" id=\"tfa_316\">Ontario<\/option>\n                  <option value=\"tfa_317\" id=\"tfa_317\">Prince Edward Island<\/option>\n                  <option value=\"tfa_318\" id=\"tfa_318\">Quebec<\/option>\n                  <option value=\"tfa_319\" id=\"tfa_319\">Saskatchewan<\/option>\n                  <option value=\"tfa_320\" id=\"tfa_320\">Yukon Territories<\/option>\n                <\/optgroup>\n              <\/select>\n            <\/div>\n          <\/div>\n          <div class=\"g lap-one-half\">\n            <div class=\"form-group\">\n              <label id=\"tfa_4-L\" for=\"tfa_4\">\n                                  C\u00f3digo Postal\n                                 <span class=\"required\">*<\/span><\/label>\n              <input type=\"text\" id=\"tfa_4\" name=\"tfa_4\" value=\"\" title=\"Zip\/Postal Code\" class=\"form-control\" oninvalid=\"this.setCustomValidity('Por favor, rellene este campo.')\" oninput=\"this.setCustomValidity('')\" required>\n            <\/div>\n          <\/div>\n        <\/div>\n        <div class=\"form-group\">\n          <div class=\"checkbox\">\n            <label id=\"tfa_305-L\" for=\"tfa_305\"><input type=\"checkbox\" value=\"tfa_305\" id=\"tfa_305\" name=\"tfa_305\" oninvalid=\"this.setCustomValidity('Por favor, rellene este campo obligatorio.')\" oninput=\"this.setCustomValidity('')\" required>Al marcar aqu\u00ed, acepto recibir comunicaciones con informaci\u00f3n de productos, promociones y ofertas especiales de Rumba Meats\u00ae. Al participar en el programa, aceptas que Rumba Meats use tu informaci\u00f3n personal de acuerdo con nuestras <a href=\"https:\/\/www.cargill.com\/privacy\">pol\u00edticas de privacidad<\/a>.<\/label>\n          <\/div>\n        <\/div>\n\n        <div>\n          <label id=\"tfa_3-L\" class=\"hidden\" for=\"tfa_3\">Lead Source Name<\/label><input type=\"hidden\" id=\"tfa_3\" name=\"tfa_3\" value=\"rumbameats.com\" title=\"Lead Source Name\">\n        <\/div>\n\n                  <p class=\"required\">* Requerido<\/p>\n        \n        <div class=\"landmark\">\n          <button type=\"submit\" class=\"btn send-form\" id=\"submit_button\">\n                          Enviar\n                      <\/button>\n        <\/div>\n\n        <input type=\"hidden\" value=\"4742286\" name=\"tfa_dbFormId\" id=\"tfa_dbFormId\"><input type=\"hidden\" value=\"\" name=\"tfa_dbResponseId\" id=\"tfa_dbResponseId\"><input type=\"hidden\" value=\"47e55c0ecfc9731b2f4b674d5dd310a1\" name=\"tfa_dbControl\" id=\"tfa_dbControl\"><input type=\"hidden\" value=\"\" name=\"tfa_dbWorkflowSessionUuid\" id=\"tfa_dbWorkflowSessionUuid\"><input type=\"hidden\" value=\"1\" name=\"tfa_dbVersionId\" id=\"tfa_dbVersionId\"><input type=\"hidden\" value=\"\" name=\"tfa_switchedoff\" id=\"tfa_switchedoff\">\n      <\/form>\n    <\/div>\n\n    <div class=\"js-form-success hidden\">\n              <h2 class=\"h2\">\u00a1Gracias por registrarte!<\/h2>\n                    <div class=\"landmark\"><p>Mantente atento a tu cup\u00f3n de $3 de descuento, \u00a1y mantente al tanto de m\u00e1s ofertas, recetas y consejos de Rumba Meats!<\/p>\n<\/div>\n          <\/div>\n    <div class=\"js-form-error hidden\">\n              <h2 class=\"h2\">Lo sentimos.<\/h2>\n                    <div class=\"landmark\"><p>Ha habido un error. Por favor, aseg\u00farate de que no est\u00e9s enviando una direcci\u00f3n de correo electr\u00f3nico dos veces.<\/p>\n<\/div>\n          <\/div>\n  <\/div>\n<\/section>\n\n\n<section class=\"featured-products red-bg\">\n        <div class=\"container island--dubs text-center\">\n      <ul class=\"gw\">\n                            <li class=\"g lap-one-third landmark\">\n            <a class=\"card card--product\" href=\"https:\/\/rumbameats.com\/es\/product\/panza-escaldada\/\">\n              <div class=\"img--square landmarklet\">\n                <div class=\"figure object-fit\">\n                  <img loading=\"lazy\" decoding=\"async\" width=\"300\" height=\"225\" src=\"https:\/\/rumbameats.com\/wp-content\/uploads\/2017\/08\/43898_Rumba_Website_ProductThumbnail_680x510_0007_Beef_Raw_Scalded-Tripe-300x225.jpg\" class=\"attachment-medium size-medium\" alt=\"Rumba Meats Beef Scalded Tripe\" srcset=\"https:\/\/rumbameats.com\/wp-content\/uploads\/2017\/08\/43898_Rumba_Website_ProductThumbnail_680x510_0007_Beef_Raw_Scalded-Tripe-300x225.jpg 300w, https:\/\/rumbameats.com\/wp-content\/uploads\/2017\/08\/43898_Rumba_Website_ProductThumbnail_680x510_0007_Beef_Raw_Scalded-Tripe.jpg 680w\" sizes=\"auto, (max-width: 768px) 100vw, (max-width: 1440px) 50vw, 768px\" \/>                <\/div>\n              <\/div>\n              <h3 class=\"h3\">Panza escaldada<\/h3>\n            <\/a>\n          <\/li>\n                            <li class=\"g lap-one-third landmark\">\n            <a class=\"card card--product\" href=\"https:\/\/rumbameats.com\/es\/product\/rabo-de-novillo\/\">\n              <div class=\"img--square landmarklet\">\n                <div class=\"figure object-fit\">\n                  <img loading=\"lazy\" decoding=\"async\" width=\"300\" height=\"225\" src=\"https:\/\/rumbameats.com\/wp-content\/uploads\/2017\/08\/43898_Rumba_Website_ProductThumbnail_680x510_0008_Beef_Raw_Oxtails-300x225.jpg\" class=\"attachment-medium size-medium\" alt=\"Rumba Meats Beef Oxtail Raw on Cutting Board\" srcset=\"https:\/\/rumbameats.com\/wp-content\/uploads\/2017\/08\/43898_Rumba_Website_ProductThumbnail_680x510_0008_Beef_Raw_Oxtails-300x225.jpg 300w, https:\/\/rumbameats.com\/wp-content\/uploads\/2017\/08\/43898_Rumba_Website_ProductThumbnail_680x510_0008_Beef_Raw_Oxtails.jpg 680w\" sizes=\"auto, (max-width: 768px) 100vw, (max-width: 1440px) 50vw, 768px\" \/>                <\/div>\n              <\/div>\n              <h3 class=\"h3\">Rabo de novillo<\/h3>\n            <\/a>\n          <\/li>\n                            <li class=\"g lap-one-third landmark\">\n            <a class=\"card card--product\" href=\"https:\/\/rumbameats.com\/es\/product\/lengua-de-res\/\">\n              <div class=\"img--square landmarklet\">\n                <div class=\"figure object-fit\">\n                  <img loading=\"lazy\" decoding=\"async\" width=\"680\" height=\"510\" src=\"https:\/\/rumbameats.com\/wp-content\/uploads\/2017\/08\/B3A3588_1-1.jpg\" class=\"attachment-medium size-medium\" alt=\"beef tongue in pot\" sizes=\"auto, (max-width: 768px) 100vw, (max-width: 1440px) 50vw, 768px\" \/>                <\/div>\n              <\/div>\n              <h3 class=\"h3\">Lengua de res<\/h3>\n            <\/a>\n          <\/li>\n              <\/ul>\n              <a class=\"btn btn--rev\" href=\"https:\/\/rumbameats.com\/es\/products\/\"\n                  >Todos los productos<\/a>\n          <\/div>\n  <\/section>\n","protected":false},"excerpt":{"rendered":"","protected":false},"author":22,"featured_media":0,"parent":0,"menu_order":0,"comment_status":"closed","ping_status":"closed","template":"","meta":{"_acf_changed":true,"footnotes":""},"class_list":["post-56277","page","type-page","status-publish","hentry"],"acf":[],"yoast_head":"<!-- This site is optimized with the Yoast SEO plugin v27.4 - https:\/\/yoast.com\/product\/yoast-seo-wordpress\/ -->\n<title>Email Signup - Rumba Meats\u00ae<\/title>\n<meta name=\"description\" content=\"Recibe ofertas, recetas y consejos exclusivos por correo electr\u00f3nico.\" \/>\n<meta name=\"robots\" content=\"index, follow, max-snippet:-1, max-image-preview:large, max-video-preview:-1\" \/>\n<link rel=\"canonical\" href=\"https:\/\/rumbameats.com\/es\/email-signup\/\" \/>\n<meta property=\"og:locale\" content=\"es_ES\" \/>\n<meta property=\"og:type\" content=\"article\" \/>\n<meta property=\"og:title\" content=\"Email Signup - Rumba Meats\u00ae\" \/>\n<meta property=\"og:description\" content=\"Recibe ofertas, recetas y consejos exclusivos por correo electr\u00f3nico.\" \/>\n<meta property=\"og:url\" content=\"https:\/\/rumbameats.com\/es\/email-signup\/\" \/>\n<meta property=\"og:site_name\" content=\"Rumba Meats\u00ae\" \/>\n<meta property=\"article:publisher\" content=\"https:\/\/www.facebook.com\/RumbaMeats\/\" \/>\n<meta property=\"article:modified_time\" content=\"2025-11-26T20:20:32+00:00\" \/>\n<meta property=\"og:image\" content=\"https:\/\/rumbameats.com\/wp-content\/uploads\/2021\/07\/rumba-logo-1.png\" \/>\n\t<meta property=\"og:image:width\" content=\"600\" \/>\n\t<meta property=\"og:image:height\" content=\"167\" \/>\n\t<meta property=\"og:image:type\" content=\"image\/png\" \/>\n<meta name=\"twitter:card\" content=\"summary_large_image\" \/>\n<meta name=\"twitter:label1\" content=\"Est. reading time\" \/>\n\t<meta name=\"twitter:data1\" content=\"1 minute\" \/>\n<script type=\"application\/ld+json\" class=\"yoast-schema-graph\">{\"@context\":\"https:\\\/\\\/schema.org\",\"@graph\":[{\"@type\":\"WebPage\",\"@id\":\"https:\\\/\\\/rumbameats.com\\\/es\\\/email-signup\\\/\",\"url\":\"https:\\\/\\\/rumbameats.com\\\/es\\\/email-signup\\\/\",\"name\":\"Email Signup - Rumba Meats\u00ae\",\"isPartOf\":{\"@id\":\"https:\\\/\\\/rumbameats.com\\\/es\\\/#website\"},\"datePublished\":\"2023-03-30T19:43:34+00:00\",\"dateModified\":\"2025-11-26T20:20:32+00:00\",\"description\":\"Recibe ofertas, recetas y consejos exclusivos por correo electr\u00f3nico.\",\"breadcrumb\":{\"@id\":\"https:\\\/\\\/rumbameats.com\\\/es\\\/email-signup\\\/#breadcrumb\"},\"inLanguage\":\"es-US\",\"potentialAction\":[{\"@type\":\"ReadAction\",\"target\":[\"https:\\\/\\\/rumbameats.com\\\/es\\\/email-signup\\\/\"]}]},{\"@type\":\"BreadcrumbList\",\"@id\":\"https:\\\/\\\/rumbameats.com\\\/es\\\/email-signup\\\/#breadcrumb\",\"itemListElement\":[{\"@type\":\"ListItem\",\"position\":1,\"name\":\"Home\",\"item\":\"https:\\\/\\\/rumbameats.com\\\/es\\\/\"},{\"@type\":\"ListItem\",\"position\":2,\"name\":\"Email Signup\"}]},{\"@type\":\"WebSite\",\"@id\":\"https:\\\/\\\/rumbameats.com\\\/es\\\/#website\",\"url\":\"https:\\\/\\\/rumbameats.com\\\/es\\\/\",\"name\":\"Rumba Meats\u00ae\",\"description\":\"Live. Laugh. Eat.\",\"publisher\":{\"@id\":\"https:\\\/\\\/rumbameats.com\\\/es\\\/#organization\"},\"potentialAction\":[{\"@type\":\"SearchAction\",\"target\":{\"@type\":\"EntryPoint\",\"urlTemplate\":\"https:\\\/\\\/rumbameats.com\\\/es\\\/?s={search_term_string}\"},\"query-input\":{\"@type\":\"PropertyValueSpecification\",\"valueRequired\":true,\"valueName\":\"search_term_string\"}}],\"inLanguage\":\"es-US\"},{\"@type\":\"Organization\",\"@id\":\"https:\\\/\\\/rumbameats.com\\\/es\\\/#organization\",\"name\":\"Rumba Meats\",\"url\":\"https:\\\/\\\/rumbameats.com\\\/es\\\/\",\"logo\":{\"@type\":\"ImageObject\",\"inLanguage\":\"es-US\",\"@id\":\"https:\\\/\\\/rumbameats.com\\\/es\\\/#\\\/schema\\\/logo\\\/image\\\/\",\"url\":\"https:\\\/\\\/rumbameats.com\\\/wp-content\\\/uploads\\\/2021\\\/07\\\/rumba-logo-1.png\",\"contentUrl\":\"https:\\\/\\\/rumbameats.com\\\/wp-content\\\/uploads\\\/2021\\\/07\\\/rumba-logo-1.png\",\"width\":600,\"height\":167,\"caption\":\"Rumba Meats\"},\"image\":{\"@id\":\"https:\\\/\\\/rumbameats.com\\\/es\\\/#\\\/schema\\\/logo\\\/image\\\/\"},\"sameAs\":[\"https:\\\/\\\/www.facebook.com\\\/RumbaMeats\\\/\",\"https:\\\/\\\/www.instagram.com\\\/rumbameats\\\/\",\"https:\\\/\\\/www.youtube.com\\\/c\\\/RumbaMeats\"]}]}<\/script>\n<!-- \/ Yoast SEO plugin. -->","yoast_head_json":{"title":"Email Signup - Rumba Meats\u00ae","description":"Recibe ofertas, recetas y consejos exclusivos por correo electr\u00f3nico.","robots":{"index":"index","follow":"follow","max-snippet":"max-snippet:-1","max-image-preview":"max-image-preview:large","max-video-preview":"max-video-preview:-1"},"canonical":"https:\/\/rumbameats.com\/es\/email-signup\/","og_locale":"es_ES","og_type":"article","og_title":"Email Signup - Rumba Meats\u00ae","og_description":"Recibe ofertas, recetas y consejos exclusivos por correo electr\u00f3nico.","og_url":"https:\/\/rumbameats.com\/es\/email-signup\/","og_site_name":"Rumba Meats\u00ae","article_publisher":"https:\/\/www.facebook.com\/RumbaMeats\/","article_modified_time":"2025-11-26T20:20:32+00:00","og_image":[{"width":600,"height":167,"url":"https:\/\/rumbameats.com\/wp-content\/uploads\/2021\/07\/rumba-logo-1.png","type":"image\/png"}],"twitter_card":"summary_large_image","twitter_misc":{"Est. reading time":"1 minute"},"schema":{"@context":"https:\/\/schema.org","@graph":[{"@type":"WebPage","@id":"https:\/\/rumbameats.com\/es\/email-signup\/","url":"https:\/\/rumbameats.com\/es\/email-signup\/","name":"Email Signup - Rumba Meats\u00ae","isPartOf":{"@id":"https:\/\/rumbameats.com\/es\/#website"},"datePublished":"2023-03-30T19:43:34+00:00","dateModified":"2025-11-26T20:20:32+00:00","description":"Recibe ofertas, recetas y consejos exclusivos por correo electr\u00f3nico.","breadcrumb":{"@id":"https:\/\/rumbameats.com\/es\/email-signup\/#breadcrumb"},"inLanguage":"es-US","potentialAction":[{"@type":"ReadAction","target":["https:\/\/rumbameats.com\/es\/email-signup\/"]}]},{"@type":"BreadcrumbList","@id":"https:\/\/rumbameats.com\/es\/email-signup\/#breadcrumb","itemListElement":[{"@type":"ListItem","position":1,"name":"Home","item":"https:\/\/rumbameats.com\/es\/"},{"@type":"ListItem","position":2,"name":"Email Signup"}]},{"@type":"WebSite","@id":"https:\/\/rumbameats.com\/es\/#website","url":"https:\/\/rumbameats.com\/es\/","name":"Rumba Meats\u00ae","description":"Live. Laugh. Eat.","publisher":{"@id":"https:\/\/rumbameats.com\/es\/#organization"},"potentialAction":[{"@type":"SearchAction","target":{"@type":"EntryPoint","urlTemplate":"https:\/\/rumbameats.com\/es\/?s={search_term_string}"},"query-input":{"@type":"PropertyValueSpecification","valueRequired":true,"valueName":"search_term_string"}}],"inLanguage":"es-US"},{"@type":"Organization","@id":"https:\/\/rumbameats.com\/es\/#organization","name":"Rumba Meats","url":"https:\/\/rumbameats.com\/es\/","logo":{"@type":"ImageObject","inLanguage":"es-US","@id":"https:\/\/rumbameats.com\/es\/#\/schema\/logo\/image\/","url":"https:\/\/rumbameats.com\/wp-content\/uploads\/2021\/07\/rumba-logo-1.png","contentUrl":"https:\/\/rumbameats.com\/wp-content\/uploads\/2021\/07\/rumba-logo-1.png","width":600,"height":167,"caption":"Rumba Meats"},"image":{"@id":"https:\/\/rumbameats.com\/es\/#\/schema\/logo\/image\/"},"sameAs":["https:\/\/www.facebook.com\/RumbaMeats\/","https:\/\/www.instagram.com\/rumbameats\/","https:\/\/www.youtube.com\/c\/RumbaMeats"]}]}},"_links":{"self":[{"href":"https:\/\/rumbameats.com\/es\/wp-json\/wp\/v2\/pages\/56277","targetHints":{"allow":["GET"]}}],"collection":[{"href":"https:\/\/rumbameats.com\/es\/wp-json\/wp\/v2\/pages"}],"about":[{"href":"https:\/\/rumbameats.com\/es\/wp-json\/wp\/v2\/types\/page"}],"author":[{"embeddable":true,"href":"https:\/\/rumbameats.com\/es\/wp-json\/wp\/v2\/users\/22"}],"replies":[{"embeddable":true,"href":"https:\/\/rumbameats.com\/es\/wp-json\/wp\/v2\/comments?post=56277"}],"version-history":[{"count":0,"href":"https:\/\/rumbameats.com\/es\/wp-json\/wp\/v2\/pages\/56277\/revisions"}],"wp:attachment":[{"href":"https:\/\/rumbameats.com\/es\/wp-json\/wp\/v2\/media?parent=56277"}],"curies":[{"name":"wp","href":"https:\/\/api.w.org\/{rel}","templated":true}]}}