{"id":4921,"date":"2017-12-04T10:48:14","date_gmt":"2017-12-04T16:48:14","guid":{"rendered":"http:\/\/rumba.cargill.sheephaters.com\/?page_id=4921"},"modified":"2025-12-05T14:28:38","modified_gmt":"2025-12-05T20:28:38","slug":"home","status":"publish","type":"page","link":"https:\/\/rumbameats.com\/es\/","title":{"rendered":"Home"},"content":{"rendered":"<section class=\"hero text-center\">\n        <div class=\"hero-image\">\n      <div class=\"figure object-fit\">\n                  <picture>\n            <source media=\"(min-width: 768px)\" \n              srcset=\"https:\/\/rumbameats.com\/wp-content\/uploads\/2025\/11\/homepage-hero-es-1440.jpg 1440w, https:\/\/rumbameats.com\/wp-content\/uploads\/2025\/11\/homepage-hero-es-1440-768x320.jpg 768w\" \n              sizes=\"100vw\" \/>\n              <img loading=\"lazy\" decoding=\"async\" width=\"768\" height=\"658\" src=\"https:\/\/rumbameats.com\/wp-content\/uploads\/2025\/11\/homepage-hero-es-768.jpg\" class=\"attachment-large size-large\" alt=\"Tradici\u00f3n sin complicaciones\" \/>          <\/picture>\n              <\/div>\n    <\/div>\n        <div class=\"red-bg\">\n      <div class=\"container island--dubs\">\n        <h1 class=\"h4 white landmarkless\">TRADICI\u00d3N <span>\u2022<\/span> FAMILIA <span>\u2022<\/span> SABOR<sup>\u2122<\/sup><\/h1>\n              <\/div>\n    <\/div>\n  <\/section>\n\n\n<section class=\"half-half container container--no-padding island--dubs island--no-mobile-padding\">\n    <div class=\"light-green-bg\">\n    <div class=\"gw gw--full align--center \">\n      <div class=\"g lap-one-half\">\n        <div class=\"img--rect\">\n          <div class=\"figure object-fit\">\n                        <img loading=\"lazy\" decoding=\"async\" width=\"768\" height=\"614\" src=\"https:\/\/rumbameats.com\/wp-content\/uploads\/2025\/11\/home-recipes-half-half.jpg\" class=\"attachment-medium size-medium\" alt=\"\" sizes=\"auto, (max-width: 768px) 100vw, (max-width: 1440px) 50vw, 768px\" \/>          <\/div>\n        <\/div>\n      <\/div>\n      <div class=\"g lap-one-half\">\n        <div class=\"container container--inset island text-center\">\n          <h2 class=\"h2 landmarklet \">Recetas que vas a querer repetir<\/h2>\n          <div class=\"landmark\"><p>Desde comidas r\u00e1pidas para d\u00edas entre semana hasta recetas tradicionales que impresionan, aqu\u00ed hay algo para todos. Explora recetas para cada comida y ocasi\u00f3n.<\/p>\n<\/div>\n                      <a class=\"btn btn--rev\" href=\"https:\/\/rumbameats.com\/es\/recipes\/\"\n                          >Ver m\u00e1s<\/a>\n                  <\/div>\n      <\/div>\n    <\/div>\n  <\/div>\n<\/section>\n\n\n<section class=\"half-half container container--no-padding island--dubs island--no-mobile-padding\">\n    <div class=\"yellow-bg\">\n    <div class=\"gw gw--full align--center gw--rev\">\n      <div class=\"g lap-one-half\">\n        <div class=\"img--rect\">\n          <div class=\"figure object-fit\">\n                        <img loading=\"lazy\" decoding=\"async\" width=\"768\" height=\"614\" src=\"https:\/\/rumbameats.com\/wp-content\/uploads\/2025\/11\/home-tradition-half-half.jpg\" class=\"attachment-medium size-medium\" alt=\"\" sizes=\"auto, (max-width: 768px) 100vw, (max-width: 1440px) 50vw, 768px\" \/>          <\/div>\n        <\/div>\n      <\/div>\n      <div class=\"g lap-one-half\">\n        <div class=\"container container--inset island text-center\">\n          <h2 class=\"h2 landmarklet \">La tradici\u00f3n es nuestro ingrediente secreto<\/h2>\n          <div class=\"landmark\"><p>Ya sea que est\u00e9s recreando la receta de la abuela o d\u00e1ndole tu toque a un platillo cl\u00e1sico, estas comidas alimentan m\u00e1s que solo el cuerpo. Aprende a preparar los platillos m\u00e1s tradicionales desde la comodidad de tu casa.<\/p>\n<\/div>\n                      <a class=\"btn btn--rev\" href=\"https:\/\/rumbameats.com\/es\/how-to\/\"\n                          >Gu\u00edas paso a paso<\/a>\n                  <\/div>\n      <\/div>\n    <\/div>\n  <\/div>\n<\/section>\n\n\n<section class=\"half-half container container--no-padding island--dubs island--no-mobile-padding\">\n    <div class=\"light-green-bg\">\n    <div class=\"gw gw--full align--center \">\n      <div class=\"g lap-one-half\">\n        <div class=\"img--rect\">\n          <div class=\"figure object-fit\">\n                        <img loading=\"lazy\" decoding=\"async\" width=\"768\" height=\"576\" src=\"https:\/\/rumbameats.com\/wp-content\/uploads\/2023\/07\/03-Home_Page_EmailSignUp_Module_Half-768x576-1_Spanish.jpg\" class=\"attachment-medium size-medium\" alt=\"recetas, curons, ideas de comida\" sizes=\"auto, (max-width: 768px) 100vw, (max-width: 1440px) 50vw, 768px\" \/>          <\/div>\n        <\/div>\n      <\/div>\n      <div class=\"g lap-one-half\">\n        <div class=\"container container--inset island text-center\">\n          <h2 class=\"h2 landmarklet \">\u00a1Ll\u00e9vate $3 de descuento en tu pr\u00f3xima compra!<\/h2>\n          <div class=\"landmark\"><p>Recibe ofertas exclusivas de \u00a0Rumba Meats\u00ae, recetas y m\u00e1s directamente en tu correo.<\/p>\n<\/div>\n                      <a class=\"btn btn--rev\" href=\"https:\/\/rumbameats.com\/es\/email-signup\/\"\n                          >\u00danete<\/a>\n                  <\/div>\n      <\/div>\n    <\/div>\n  <\/div>\n<\/section>\n\n\n<section class=\"featured-products red-bg\">\n        <div class=\"container island--dubs text-center\">\n      <ul class=\"gw\">\n                            <li class=\"g lap-one-third landmark\">\n            <a class=\"card card--product\" href=\"https:\/\/rumbameats.com\/es\/product\/panza-escaldada\/\">\n              <div class=\"img--square landmarklet\">\n                <div class=\"figure object-fit\">\n                  <img loading=\"lazy\" decoding=\"async\" width=\"300\" height=\"225\" src=\"https:\/\/rumbameats.com\/wp-content\/uploads\/2017\/08\/43898_Rumba_Website_ProductThumbnail_680x510_0007_Beef_Raw_Scalded-Tripe-300x225.jpg\" class=\"attachment-medium size-medium\" alt=\"Rumba Meats Beef Scalded Tripe\" srcset=\"https:\/\/rumbameats.com\/wp-content\/uploads\/2017\/08\/43898_Rumba_Website_ProductThumbnail_680x510_0007_Beef_Raw_Scalded-Tripe-300x225.jpg 300w, https:\/\/rumbameats.com\/wp-content\/uploads\/2017\/08\/43898_Rumba_Website_ProductThumbnail_680x510_0007_Beef_Raw_Scalded-Tripe.jpg 680w\" sizes=\"auto, (max-width: 768px) 100vw, (max-width: 1440px) 50vw, 768px\" \/>                <\/div>\n              <\/div>\n              <h3 class=\"h3\">Panza escaldada<\/h3>\n            <\/a>\n          <\/li>\n                            <li class=\"g lap-one-third landmark\">\n            <a class=\"card card--product\" href=\"https:\/\/rumbameats.com\/es\/product\/rabo-de-novillo\/\">\n              <div class=\"img--square landmarklet\">\n                <div class=\"figure object-fit\">\n                  <img loading=\"lazy\" decoding=\"async\" width=\"300\" height=\"225\" src=\"https:\/\/rumbameats.com\/wp-content\/uploads\/2017\/08\/43898_Rumba_Website_ProductThumbnail_680x510_0008_Beef_Raw_Oxtails-300x225.jpg\" class=\"attachment-medium size-medium\" alt=\"Rumba Meats Beef Oxtail Raw on Cutting Board\" srcset=\"https:\/\/rumbameats.com\/wp-content\/uploads\/2017\/08\/43898_Rumba_Website_ProductThumbnail_680x510_0008_Beef_Raw_Oxtails-300x225.jpg 300w, https:\/\/rumbameats.com\/wp-content\/uploads\/2017\/08\/43898_Rumba_Website_ProductThumbnail_680x510_0008_Beef_Raw_Oxtails.jpg 680w\" sizes=\"auto, (max-width: 768px) 100vw, (max-width: 1440px) 50vw, 768px\" \/>                <\/div>\n              <\/div>\n              <h3 class=\"h3\">Rabo de novillo<\/h3>\n            <\/a>\n          <\/li>\n                            <li class=\"g lap-one-third landmark\">\n            <a class=\"card card--product\" href=\"https:\/\/rumbameats.com\/es\/product\/cachete-de-res\/\">\n              <div class=\"img--square landmarklet\">\n                <div class=\"figure object-fit\">\n                  <img loading=\"lazy\" decoding=\"async\" width=\"300\" height=\"225\" src=\"https:\/\/rumbameats.com\/wp-content\/uploads\/2019\/09\/43898_Rumba_Website_ProductThumbnail_680x510_0019_Beef_Raw_Cheekmeat-300x225.jpg\" class=\"attachment-medium size-medium\" alt=\"Rumba Raw Cheek Meat\" srcset=\"https:\/\/rumbameats.com\/wp-content\/uploads\/2019\/09\/43898_Rumba_Website_ProductThumbnail_680x510_0019_Beef_Raw_Cheekmeat-300x225.jpg 300w, https:\/\/rumbameats.com\/wp-content\/uploads\/2019\/09\/43898_Rumba_Website_ProductThumbnail_680x510_0019_Beef_Raw_Cheekmeat.jpg 680w\" sizes=\"auto, (max-width: 768px) 100vw, (max-width: 1440px) 50vw, 768px\" \/>                <\/div>\n              <\/div>\n              <h3 class=\"h3\">Cachete de res<\/h3>\n            <\/a>\n          <\/li>\n              <\/ul>\n              <a class=\"btn btn--rev\" href=\"\/es\/products\/\"\n                  >Todos los productos<\/a>\n          <\/div>\n  <\/section>\n\n\n<section class=\"video container container--no-padding\">\n  <div class=\"responsive-embed\">\n                        <div class=\"figure object-fit\">\n          <img loading=\"lazy\" decoding=\"async\" width=\"1220\" height=\"583\" src=\"https:\/\/rumbameats.com\/wp-content\/uploads\/2025\/12\/video-poster.jpg\" class=\"attachment-large size-large\" alt=\"taco ingredients in bowls\" srcset=\"https:\/\/rumbameats.com\/wp-content\/uploads\/2025\/12\/video-poster.jpg 1220w, https:\/\/rumbameats.com\/wp-content\/uploads\/2025\/12\/video-poster-768x367.jpg 768w\" sizes=\"auto, (max-width: 1220px) 100vw, 1220px\" \/>        <\/div>\n            <\/div>\n<\/section>\n\n\n<section class=\"centered-cta container container--inset island--dubs text-center\">\n      <h2 class=\"h2 landmarklet\">Nuestras recetas familiares<\/h2>\n    <div class=\"landmark\"><p>La buena cocina se trata de mostrar tu cari\u00f1o a las personas que amas. Ya sea que desees crear una comida familiar r\u00e1pida o prepararte para una celebraci\u00f3n, ven y encuentra platillos deliciosos que le encantar\u00e1n a toda la familia.<\/p>\n<\/div>\n      <a class=\"btn\" href=\"\/es\/recipes\/\"\n          >OBTENER RECETAS<\/a>\n  <\/section>\n\n\n<section class=\"product-search-box container container--no-mobile-padding island--dubs island--no-mobile-padding\">\n  <div class=\"box orange-bg container container--no-mobile-padding island\">\n    <div class=\"box orange-bg container island text-center\">\n      <div class=\"gw align--center\">\n        <div class=\"g lap-one-half\">\n                      <h2 class=\"h2 white landmarklet\">Encuentra tus favoritos<\/h2>\n                    <p>Busca los cortes que deseas en una tienda cercana.<\/p>\n        <\/div>\n        <div class=\"g lap-one-half\">\n          <div class=\"gform_wrapper\">\n\n            <div class=\"widget wpsl-search-widget\">\n<form class=\"map-search gform_fields\" action=\"https:\/\/rumbameats.com\/where-to-buy\/\" method=\"post\" id=\"wpsl-widget-form\">\n                <label class=\"visuallyhidden\" for=\"wpsl-widget-search\">Tu c\u00f3digo postal<\/label>\n        <input id=\"wpsl-widget-search\" name=\"wpsl-widget-search\" type=\"text\" class=\"form-control search-query\" maxlength=\"10\" placeholder=\"Tu c\u00f3digo postal\" data-lang=\"es\" required \/>\n        <span class=\"dashicons dashicons-warning\"><\/span>\n                <button id=\"wpsl-widget-submit\" type=\"submit\" class=\"gform_button\">Buscar<\/button>\n    <\/form>\n<\/div>            \n          <\/div>\n        <\/div>\n      <\/div>\n    <\/div>\n  <\/div>\n<\/section>\n","protected":false},"excerpt":{"rendered":"","protected":false},"author":1,"featured_media":0,"parent":0,"menu_order":0,"comment_status":"closed","ping_status":"closed","template":"","meta":{"_acf_changed":true,"footnotes":""},"class_list":["post-4921","page","type-page","status-publish","hentry"],"acf":[],"yoast_head":"<!-- This site is optimized with the Yoast SEO plugin v27.4 - https:\/\/yoast.com\/product\/yoast-seo-wordpress\/ -->\n<title>Home - Rumba Meats\u00ae<\/title>\n<meta name=\"description\" content=\"En cada reuni\u00f3n familiar todo es m\u00e1s rico. Por eso cuando el calor de hogar te llame. Deja que tu apetito disfrute de los sabores de Rumba Meats.\" \/>\n<meta name=\"robots\" content=\"index, follow, max-snippet:-1, max-image-preview:large, max-video-preview:-1\" \/>\n<link rel=\"canonical\" href=\"https:\/\/rumbameats.com\/es\/\" \/>\n<meta property=\"og:locale\" content=\"es_ES\" \/>\n<meta property=\"og:type\" content=\"article\" \/>\n<meta property=\"og:title\" content=\"Home - Rumba Meats\u00ae\" \/>\n<meta property=\"og:description\" content=\"En cada reuni\u00f3n familiar todo es m\u00e1s rico. Por eso cuando el calor de hogar te llame. Deja que tu apetito disfrute de los sabores de Rumba Meats.\" \/>\n<meta property=\"og:url\" content=\"https:\/\/rumbameats.com\/es\/\" \/>\n<meta property=\"og:site_name\" content=\"Rumba Meats\u00ae\" \/>\n<meta property=\"article:publisher\" content=\"https:\/\/www.facebook.com\/RumbaMeats\/\" \/>\n<meta property=\"article:modified_time\" content=\"2025-12-05T20:28:38+00:00\" \/>\n<meta property=\"og:image\" content=\"https:\/\/rumbameats.com\/wp-content\/uploads\/2021\/07\/rumba-logo-1.png\" \/>\n\t<meta property=\"og:image:width\" content=\"600\" \/>\n\t<meta property=\"og:image:height\" content=\"167\" \/>\n\t<meta property=\"og:image:type\" content=\"image\/png\" \/>\n<meta name=\"twitter:card\" content=\"summary_large_image\" \/>\n<meta name=\"twitter:label1\" content=\"Est. reading time\" \/>\n\t<meta name=\"twitter:data1\" content=\"2 minutes\" \/>\n<script type=\"application\/ld+json\" class=\"yoast-schema-graph\">{\"@context\":\"https:\\\/\\\/schema.org\",\"@graph\":[{\"@type\":\"WebPage\",\"@id\":\"https:\\\/\\\/rumbameats.com\\\/es\\\/\",\"url\":\"https:\\\/\\\/rumbameats.com\\\/es\\\/\",\"name\":\"Home - Rumba Meats\u00ae\",\"isPartOf\":{\"@id\":\"https:\\\/\\\/rumbameats.com\\\/es\\\/#website\"},\"datePublished\":\"2017-12-04T16:48:14+00:00\",\"dateModified\":\"2025-12-05T20:28:38+00:00\",\"description\":\"En cada reuni\u00f3n familiar todo es m\u00e1s rico. Por eso cuando el calor de hogar te llame. Deja que tu apetito disfrute de los sabores de Rumba Meats.\",\"breadcrumb\":{\"@id\":\"https:\\\/\\\/rumbameats.com\\\/es\\\/#breadcrumb\"},\"inLanguage\":\"es-US\",\"potentialAction\":[{\"@type\":\"ReadAction\",\"target\":[\"https:\\\/\\\/rumbameats.com\\\/es\\\/\"]}]},{\"@type\":\"BreadcrumbList\",\"@id\":\"https:\\\/\\\/rumbameats.com\\\/es\\\/#breadcrumb\",\"itemListElement\":[{\"@type\":\"ListItem\",\"position\":1,\"name\":\"Home\",\"item\":\"https:\\\/\\\/rumbameats.com\\\/es\\\/\"},{\"@type\":\"ListItem\",\"position\":2,\"name\":\"Home\"}]},{\"@type\":\"WebSite\",\"@id\":\"https:\\\/\\\/rumbameats.com\\\/es\\\/#website\",\"url\":\"https:\\\/\\\/rumbameats.com\\\/es\\\/\",\"name\":\"Rumba Meats\u00ae\",\"description\":\"Live. Laugh. Eat.\",\"publisher\":{\"@id\":\"https:\\\/\\\/rumbameats.com\\\/es\\\/#organization\"},\"potentialAction\":[{\"@type\":\"SearchAction\",\"target\":{\"@type\":\"EntryPoint\",\"urlTemplate\":\"https:\\\/\\\/rumbameats.com\\\/es\\\/?s={search_term_string}\"},\"query-input\":{\"@type\":\"PropertyValueSpecification\",\"valueRequired\":true,\"valueName\":\"search_term_string\"}}],\"inLanguage\":\"es-US\"},{\"@type\":\"Organization\",\"@id\":\"https:\\\/\\\/rumbameats.com\\\/es\\\/#organization\",\"name\":\"Rumba Meats\",\"url\":\"https:\\\/\\\/rumbameats.com\\\/es\\\/\",\"logo\":{\"@type\":\"ImageObject\",\"inLanguage\":\"es-US\",\"@id\":\"https:\\\/\\\/rumbameats.com\\\/es\\\/#\\\/schema\\\/logo\\\/image\\\/\",\"url\":\"https:\\\/\\\/rumbameats.com\\\/wp-content\\\/uploads\\\/2021\\\/07\\\/rumba-logo-1.png\",\"contentUrl\":\"https:\\\/\\\/rumbameats.com\\\/wp-content\\\/uploads\\\/2021\\\/07\\\/rumba-logo-1.png\",\"width\":600,\"height\":167,\"caption\":\"Rumba Meats\"},\"image\":{\"@id\":\"https:\\\/\\\/rumbameats.com\\\/es\\\/#\\\/schema\\\/logo\\\/image\\\/\"},\"sameAs\":[\"https:\\\/\\\/www.facebook.com\\\/RumbaMeats\\\/\",\"https:\\\/\\\/www.instagram.com\\\/rumbameats\\\/\",\"https:\\\/\\\/www.youtube.com\\\/c\\\/RumbaMeats\"]}]}<\/script>\n<!-- \/ Yoast SEO plugin. -->","yoast_head_json":{"title":"Home - Rumba Meats\u00ae","description":"En cada reuni\u00f3n familiar todo es m\u00e1s rico. Por eso cuando el calor de hogar te llame. Deja que tu apetito disfrute de los sabores de Rumba Meats.","robots":{"index":"index","follow":"follow","max-snippet":"max-snippet:-1","max-image-preview":"max-image-preview:large","max-video-preview":"max-video-preview:-1"},"canonical":"https:\/\/rumbameats.com\/es\/","og_locale":"es_ES","og_type":"article","og_title":"Home - Rumba Meats\u00ae","og_description":"En cada reuni\u00f3n familiar todo es m\u00e1s rico. Por eso cuando el calor de hogar te llame. Deja que tu apetito disfrute de los sabores de Rumba Meats.","og_url":"https:\/\/rumbameats.com\/es\/","og_site_name":"Rumba Meats\u00ae","article_publisher":"https:\/\/www.facebook.com\/RumbaMeats\/","article_modified_time":"2025-12-05T20:28:38+00:00","og_image":[{"width":600,"height":167,"url":"https:\/\/rumbameats.com\/wp-content\/uploads\/2021\/07\/rumba-logo-1.png","type":"image\/png"}],"twitter_card":"summary_large_image","twitter_misc":{"Est. reading time":"2 minutes"},"schema":{"@context":"https:\/\/schema.org","@graph":[{"@type":"WebPage","@id":"https:\/\/rumbameats.com\/es\/","url":"https:\/\/rumbameats.com\/es\/","name":"Home - Rumba Meats\u00ae","isPartOf":{"@id":"https:\/\/rumbameats.com\/es\/#website"},"datePublished":"2017-12-04T16:48:14+00:00","dateModified":"2025-12-05T20:28:38+00:00","description":"En cada reuni\u00f3n familiar todo es m\u00e1s rico. Por eso cuando el calor de hogar te llame. Deja que tu apetito disfrute de los sabores de Rumba Meats.","breadcrumb":{"@id":"https:\/\/rumbameats.com\/es\/#breadcrumb"},"inLanguage":"es-US","potentialAction":[{"@type":"ReadAction","target":["https:\/\/rumbameats.com\/es\/"]}]},{"@type":"BreadcrumbList","@id":"https:\/\/rumbameats.com\/es\/#breadcrumb","itemListElement":[{"@type":"ListItem","position":1,"name":"Home","item":"https:\/\/rumbameats.com\/es\/"},{"@type":"ListItem","position":2,"name":"Home"}]},{"@type":"WebSite","@id":"https:\/\/rumbameats.com\/es\/#website","url":"https:\/\/rumbameats.com\/es\/","name":"Rumba Meats\u00ae","description":"Live. Laugh. Eat.","publisher":{"@id":"https:\/\/rumbameats.com\/es\/#organization"},"potentialAction":[{"@type":"SearchAction","target":{"@type":"EntryPoint","urlTemplate":"https:\/\/rumbameats.com\/es\/?s={search_term_string}"},"query-input":{"@type":"PropertyValueSpecification","valueRequired":true,"valueName":"search_term_string"}}],"inLanguage":"es-US"},{"@type":"Organization","@id":"https:\/\/rumbameats.com\/es\/#organization","name":"Rumba Meats","url":"https:\/\/rumbameats.com\/es\/","logo":{"@type":"ImageObject","inLanguage":"es-US","@id":"https:\/\/rumbameats.com\/es\/#\/schema\/logo\/image\/","url":"https:\/\/rumbameats.com\/wp-content\/uploads\/2021\/07\/rumba-logo-1.png","contentUrl":"https:\/\/rumbameats.com\/wp-content\/uploads\/2021\/07\/rumba-logo-1.png","width":600,"height":167,"caption":"Rumba Meats"},"image":{"@id":"https:\/\/rumbameats.com\/es\/#\/schema\/logo\/image\/"},"sameAs":["https:\/\/www.facebook.com\/RumbaMeats\/","https:\/\/www.instagram.com\/rumbameats\/","https:\/\/www.youtube.com\/c\/RumbaMeats"]}]}},"_links":{"self":[{"href":"https:\/\/rumbameats.com\/es\/wp-json\/wp\/v2\/pages\/4921","targetHints":{"allow":["GET"]}}],"collection":[{"href":"https:\/\/rumbameats.com\/es\/wp-json\/wp\/v2\/pages"}],"about":[{"href":"https:\/\/rumbameats.com\/es\/wp-json\/wp\/v2\/types\/page"}],"author":[{"embeddable":true,"href":"https:\/\/rumbameats.com\/es\/wp-json\/wp\/v2\/users\/1"}],"replies":[{"embeddable":true,"href":"https:\/\/rumbameats.com\/es\/wp-json\/wp\/v2\/comments?post=4921"}],"version-history":[{"count":0,"href":"https:\/\/rumbameats.com\/es\/wp-json\/wp\/v2\/pages\/4921\/revisions"}],"wp:attachment":[{"href":"https:\/\/rumbameats.com\/es\/wp-json\/wp\/v2\/media?parent=4921"}],"curies":[{"name":"wp","href":"https:\/\/api.w.org\/{rel}","templated":true}]}}