{"id":4599,"date":"2017-10-12T15:53:39","date_gmt":"2017-10-12T20:53:39","guid":{"rendered":"http:\/\/rumba.cargill.sheephaters.com\/?page_id=4599"},"modified":"2025-11-24T11:50:37","modified_gmt":"2025-11-24T17:50:37","slug":"products","status":"publish","type":"page","link":"https:\/\/rumbameats.com\/es\/products\/","title":{"rendered":"Productos"},"content":{"rendered":"<section class=\"half-half-hero text-center red-bg\">\n  <div class=\"gw gw--full\">\n    <div class=\"g lap-four-tenths\">\n              <div class=\"gw centered\">\n          <div class=\"g\">\n            <div class=\"container island--dubs\">\n              <h1 class=\"h2 landmarklet white\">Que no falte la tradici\u00f3n en tu mesa<\/h1>\n                              <p class=\"large\">Cada receta cuenta una historia. Encuentra tus productos favoritos y nuevas opciones pr\u00e1cticas para que la tradici\u00f3n siga viva en tu mesa.<\/p>\n                          <\/div>\n          <\/div>\n        <\/div>\n          <\/div>\n    <div class=\"g lap-six-tenths\">\n              <div class=\"img--wide\">\n          <div class=\"figure object-fit\">\n            <img loading=\"lazy\" decoding=\"async\" width=\"960\" height=\"690\" src=\"https:\/\/rumbameats.com\/wp-content\/uploads\/2025\/11\/products-hero.jpg\" class=\"attachment-large size-large\" alt=\"\" srcset=\"https:\/\/rumbameats.com\/wp-content\/uploads\/2025\/11\/products-hero.jpg 960w, https:\/\/rumbameats.com\/wp-content\/uploads\/2025\/11\/products-hero-768x552.jpg 768w\" sizes=\"auto, (max-width: 960px) 100vw, 960px\" \/>          <\/div>\n        <\/div>\n          <\/div>\n  <\/div>\n<\/section>\n","protected":false},"excerpt":{"rendered":"","protected":false},"author":1,"featured_media":0,"parent":0,"menu_order":0,"comment_status":"closed","ping_status":"closed","template":"","meta":{"_acf_changed":true,"footnotes":""},"class_list":["post-4599","page","type-page","status-publish","hentry"],"acf":[],"yoast_head":"<!-- This site is optimized with the Yoast SEO plugin v27.4 - https:\/\/yoast.com\/product\/yoast-seo-wordpress\/ -->\n<title>Productos - Rumba Meats\u00ae<\/title>\n<meta name=\"description\" content=\"Pruebe nuestros productos en carnes Rumba como carrilleras de res, patas traseras, patas, coraz\u00f3n, ri\u00f1ones, h\u00edgado, lengua as\u00ed como callos, cuellos.\" \/>\n<meta name=\"robots\" content=\"index, follow, max-snippet:-1, max-image-preview:large, max-video-preview:-1\" \/>\n<link rel=\"canonical\" href=\"https:\/\/rumbameats.com\/es\/products\/\" \/>\n<meta property=\"og:locale\" content=\"es_ES\" \/>\n<meta property=\"og:type\" content=\"article\" \/>\n<meta property=\"og:title\" content=\"Productos - Rumba Meats\u00ae\" \/>\n<meta property=\"og:description\" content=\"Pruebe nuestros productos en carnes Rumba como carrilleras de res, patas traseras, patas, coraz\u00f3n, ri\u00f1ones, h\u00edgado, lengua as\u00ed como callos, cuellos.\" \/>\n<meta property=\"og:url\" content=\"https:\/\/rumbameats.com\/es\/products\/\" \/>\n<meta property=\"og:site_name\" content=\"Rumba Meats\u00ae\" \/>\n<meta property=\"article:publisher\" content=\"https:\/\/www.facebook.com\/RumbaMeats\/\" \/>\n<meta property=\"article:modified_time\" content=\"2025-11-24T17:50:37+00:00\" \/>\n<meta property=\"og:image\" content=\"https:\/\/rumbameats.com\/wp-content\/uploads\/2021\/07\/rumba-logo-1.png\" \/>\n\t<meta property=\"og:image:width\" content=\"600\" \/>\n\t<meta property=\"og:image:height\" content=\"167\" \/>\n\t<meta property=\"og:image:type\" content=\"image\/png\" \/>\n<meta name=\"twitter:card\" content=\"summary_large_image\" \/>\n<meta name=\"twitter:label1\" content=\"Est. reading time\" \/>\n\t<meta name=\"twitter:data1\" content=\"1 minute\" \/>\n<script type=\"application\/ld+json\" class=\"yoast-schema-graph\">{\"@context\":\"https:\\\/\\\/schema.org\",\"@graph\":[{\"@type\":\"WebPage\",\"@id\":\"https:\\\/\\\/rumbameats.com\\\/es\\\/products\\\/\",\"url\":\"https:\\\/\\\/rumbameats.com\\\/es\\\/products\\\/\",\"name\":\"Productos - Rumba Meats\u00ae\",\"isPartOf\":{\"@id\":\"https:\\\/\\\/rumbameats.com\\\/es\\\/#website\"},\"datePublished\":\"2017-10-12T20:53:39+00:00\",\"dateModified\":\"2025-11-24T17:50:37+00:00\",\"description\":\"Pruebe nuestros productos en carnes Rumba como carrilleras de res, patas traseras, patas, coraz\u00f3n, ri\u00f1ones, h\u00edgado, lengua as\u00ed como callos, cuellos.\",\"breadcrumb\":{\"@id\":\"https:\\\/\\\/rumbameats.com\\\/es\\\/products\\\/#breadcrumb\"},\"inLanguage\":\"es-US\",\"potentialAction\":[{\"@type\":\"ReadAction\",\"target\":[\"https:\\\/\\\/rumbameats.com\\\/es\\\/products\\\/\"]}]},{\"@type\":\"BreadcrumbList\",\"@id\":\"https:\\\/\\\/rumbameats.com\\\/es\\\/products\\\/#breadcrumb\",\"itemListElement\":[{\"@type\":\"ListItem\",\"position\":1,\"name\":\"Home\",\"item\":\"https:\\\/\\\/rumbameats.com\\\/es\\\/\"},{\"@type\":\"ListItem\",\"position\":2,\"name\":\"Productos\"}]},{\"@type\":\"WebSite\",\"@id\":\"https:\\\/\\\/rumbameats.com\\\/es\\\/#website\",\"url\":\"https:\\\/\\\/rumbameats.com\\\/es\\\/\",\"name\":\"Rumba Meats\u00ae\",\"description\":\"Live. Laugh. Eat.\",\"publisher\":{\"@id\":\"https:\\\/\\\/rumbameats.com\\\/es\\\/#organization\"},\"potentialAction\":[{\"@type\":\"SearchAction\",\"target\":{\"@type\":\"EntryPoint\",\"urlTemplate\":\"https:\\\/\\\/rumbameats.com\\\/es\\\/?s={search_term_string}\"},\"query-input\":{\"@type\":\"PropertyValueSpecification\",\"valueRequired\":true,\"valueName\":\"search_term_string\"}}],\"inLanguage\":\"es-US\"},{\"@type\":\"Organization\",\"@id\":\"https:\\\/\\\/rumbameats.com\\\/es\\\/#organization\",\"name\":\"Rumba Meats\",\"url\":\"https:\\\/\\\/rumbameats.com\\\/es\\\/\",\"logo\":{\"@type\":\"ImageObject\",\"inLanguage\":\"es-US\",\"@id\":\"https:\\\/\\\/rumbameats.com\\\/es\\\/#\\\/schema\\\/logo\\\/image\\\/\",\"url\":\"https:\\\/\\\/rumbameats.com\\\/wp-content\\\/uploads\\\/2021\\\/07\\\/rumba-logo-1.png\",\"contentUrl\":\"https:\\\/\\\/rumbameats.com\\\/wp-content\\\/uploads\\\/2021\\\/07\\\/rumba-logo-1.png\",\"width\":600,\"height\":167,\"caption\":\"Rumba Meats\"},\"image\":{\"@id\":\"https:\\\/\\\/rumbameats.com\\\/es\\\/#\\\/schema\\\/logo\\\/image\\\/\"},\"sameAs\":[\"https:\\\/\\\/www.facebook.com\\\/RumbaMeats\\\/\",\"https:\\\/\\\/www.instagram.com\\\/rumbameats\\\/\",\"https:\\\/\\\/www.youtube.com\\\/c\\\/RumbaMeats\"]}]}<\/script>\n<!-- \/ Yoast SEO plugin. -->","yoast_head_json":{"title":"Productos - Rumba Meats\u00ae","description":"Pruebe nuestros productos en carnes Rumba como carrilleras de res, patas traseras, patas, coraz\u00f3n, ri\u00f1ones, h\u00edgado, lengua as\u00ed como callos, cuellos.","robots":{"index":"index","follow":"follow","max-snippet":"max-snippet:-1","max-image-preview":"max-image-preview:large","max-video-preview":"max-video-preview:-1"},"canonical":"https:\/\/rumbameats.com\/es\/products\/","og_locale":"es_ES","og_type":"article","og_title":"Productos - Rumba Meats\u00ae","og_description":"Pruebe nuestros productos en carnes Rumba como carrilleras de res, patas traseras, patas, coraz\u00f3n, ri\u00f1ones, h\u00edgado, lengua as\u00ed como callos, cuellos.","og_url":"https:\/\/rumbameats.com\/es\/products\/","og_site_name":"Rumba Meats\u00ae","article_publisher":"https:\/\/www.facebook.com\/RumbaMeats\/","article_modified_time":"2025-11-24T17:50:37+00:00","og_image":[{"width":600,"height":167,"url":"https:\/\/rumbameats.com\/wp-content\/uploads\/2021\/07\/rumba-logo-1.png","type":"image\/png"}],"twitter_card":"summary_large_image","twitter_misc":{"Est. reading time":"1 minute"},"schema":{"@context":"https:\/\/schema.org","@graph":[{"@type":"WebPage","@id":"https:\/\/rumbameats.com\/es\/products\/","url":"https:\/\/rumbameats.com\/es\/products\/","name":"Productos - Rumba Meats\u00ae","isPartOf":{"@id":"https:\/\/rumbameats.com\/es\/#website"},"datePublished":"2017-10-12T20:53:39+00:00","dateModified":"2025-11-24T17:50:37+00:00","description":"Pruebe nuestros productos en carnes Rumba como carrilleras de res, patas traseras, patas, coraz\u00f3n, ri\u00f1ones, h\u00edgado, lengua as\u00ed como callos, cuellos.","breadcrumb":{"@id":"https:\/\/rumbameats.com\/es\/products\/#breadcrumb"},"inLanguage":"es-US","potentialAction":[{"@type":"ReadAction","target":["https:\/\/rumbameats.com\/es\/products\/"]}]},{"@type":"BreadcrumbList","@id":"https:\/\/rumbameats.com\/es\/products\/#breadcrumb","itemListElement":[{"@type":"ListItem","position":1,"name":"Home","item":"https:\/\/rumbameats.com\/es\/"},{"@type":"ListItem","position":2,"name":"Productos"}]},{"@type":"WebSite","@id":"https:\/\/rumbameats.com\/es\/#website","url":"https:\/\/rumbameats.com\/es\/","name":"Rumba Meats\u00ae","description":"Live. Laugh. Eat.","publisher":{"@id":"https:\/\/rumbameats.com\/es\/#organization"},"potentialAction":[{"@type":"SearchAction","target":{"@type":"EntryPoint","urlTemplate":"https:\/\/rumbameats.com\/es\/?s={search_term_string}"},"query-input":{"@type":"PropertyValueSpecification","valueRequired":true,"valueName":"search_term_string"}}],"inLanguage":"es-US"},{"@type":"Organization","@id":"https:\/\/rumbameats.com\/es\/#organization","name":"Rumba Meats","url":"https:\/\/rumbameats.com\/es\/","logo":{"@type":"ImageObject","inLanguage":"es-US","@id":"https:\/\/rumbameats.com\/es\/#\/schema\/logo\/image\/","url":"https:\/\/rumbameats.com\/wp-content\/uploads\/2021\/07\/rumba-logo-1.png","contentUrl":"https:\/\/rumbameats.com\/wp-content\/uploads\/2021\/07\/rumba-logo-1.png","width":600,"height":167,"caption":"Rumba Meats"},"image":{"@id":"https:\/\/rumbameats.com\/es\/#\/schema\/logo\/image\/"},"sameAs":["https:\/\/www.facebook.com\/RumbaMeats\/","https:\/\/www.instagram.com\/rumbameats\/","https:\/\/www.youtube.com\/c\/RumbaMeats"]}]}},"_links":{"self":[{"href":"https:\/\/rumbameats.com\/es\/wp-json\/wp\/v2\/pages\/4599","targetHints":{"allow":["GET"]}}],"collection":[{"href":"https:\/\/rumbameats.com\/es\/wp-json\/wp\/v2\/pages"}],"about":[{"href":"https:\/\/rumbameats.com\/es\/wp-json\/wp\/v2\/types\/page"}],"author":[{"embeddable":true,"href":"https:\/\/rumbameats.com\/es\/wp-json\/wp\/v2\/users\/1"}],"replies":[{"embeddable":true,"href":"https:\/\/rumbameats.com\/es\/wp-json\/wp\/v2\/comments?post=4599"}],"version-history":[{"count":0,"href":"https:\/\/rumbameats.com\/es\/wp-json\/wp\/v2\/pages\/4599\/revisions"}],"wp:attachment":[{"href":"https:\/\/rumbameats.com\/es\/wp-json\/wp\/v2\/media?parent=4599"}],"curies":[{"name":"wp","href":"https:\/\/api.w.org\/{rel}","templated":true}]}}